{"id":100559,"date":"2024-12-27T08:52:35","date_gmt":"2024-12-27T07:52:35","guid":{"rendered":"https:\/\/www.atta45.se\/e-butik\/?post_type=product&#038;p=100559"},"modified":"2025-10-27T22:51:08","modified_gmt":"2025-10-27T21:51:08","slug":"stort-golfparaply-med-metallskaft-manuell-oppning","status":"publish","type":"product","link":"https:\/\/www.atta45.se\/e-butik\/produkt\/stort-golfparaply-med-metallskaft-manuell-oppning\/","title":{"rendered":"Golfparaply med metallskaft, manuell \u00f6ppning, Rosemarie"},"content":{"rendered":"<p>Stort paraply i polyester (190T), 8 paneler, med metallskaft och tr\u00e4handtag. Enf\u00e4rgade, (f\u00f6r flerf\u00e4rgade se 4142).<\/p>\n","protected":false},"excerpt":{"rendered":"<p>Stort paraply i polyester (190T), 8 paneler, med metallskaft och tr\u00e4handtag. Enf\u00e4rgade, (f\u00f6r flerf\u00e4rgade se 4142).<\/p>\n","protected":false},"featured_media":100560,"template":"","meta":{"_acf_changed":false,"_seopress_robots_primary_cat":"","_seopress_titles_title":"","_seopress_titles_desc":"","_seopress_robots_index":""},"product_brand":[],"product_cat":[15],"product_tag":[],"class_list":{"0":"post-100559","1":"product","2":"type-product","3":"status-publish","4":"has-post-thumbnail","6":"product_cat-okategoriserad","7":"atta45_taxonomy-paraply-golfparaplyer-sv","8":"atta45_taxonomy-tema-inspiration-sasong-host-sv","9":"atta45_taxonomy-paraply-sv","10":"atta45_taxonomy-tema-inspiration-ogonblick-regniga-dagar-sv","11":"atta45_taxonomy-tema-inspiration-sasong-sv","12":"atta45_taxonomy-paraply-standard-paraplyer-sv","13":"atta45_taxonomy-tema-inspiration-sv","15":"first","16":"instock","17":"taxable","18":"shipping-taxable","19":"purchasable","20":"product-type-variable"},"acf":[],"_links":{"self":[{"href":"https:\/\/www.atta45.se\/e-butik\/wp-json\/wp\/v2\/product\/100559","targetHints":{"allow":["GET"]}}],"collection":[{"href":"https:\/\/www.atta45.se\/e-butik\/wp-json\/wp\/v2\/product"}],"about":[{"href":"https:\/\/www.atta45.se\/e-butik\/wp-json\/wp\/v2\/types\/product"}],"wp:featuredmedia":[{"embeddable":true,"href":"https:\/\/www.atta45.se\/e-butik\/wp-json\/wp\/v2\/media\/100560"}],"wp:attachment":[{"href":"https:\/\/www.atta45.se\/e-butik\/wp-json\/wp\/v2\/media?parent=100559"}],"wp:term":[{"taxonomy":"product_brand","embeddable":true,"href":"https:\/\/www.atta45.se\/e-butik\/wp-json\/wp\/v2\/product_brand?post=100559"},{"taxonomy":"product_cat","embeddable":true,"href":"https:\/\/www.atta45.se\/e-butik\/wp-json\/wp\/v2\/product_cat?post=100559"},{"taxonomy":"product_tag","embeddable":true,"href":"https:\/\/www.atta45.se\/e-butik\/wp-json\/wp\/v2\/product_tag?post=100559"}],"curies":[{"name":"wp","href":"https:\/\/api.w.org\/{rel}","templated":true}]}}