{"id":100445,"date":"2024-12-27T08:51:12","date_gmt":"2024-12-27T07:51:12","guid":{"rendered":"https:\/\/www.atta45.se\/e-butik\/?post_type=product&#038;p=100445"},"modified":"2025-10-27T22:49:55","modified_gmt":"2025-10-27T21:49:55","slug":"hopvikbart-paraply-manuell-oppning","status":"publish","type":"product","link":"https:\/\/www.atta45.se\/e-butik\/produkt\/hopvikbart-paraply-manuell-oppning\/","title":{"rendered":"Paraply,hopvikbart, manuell \u00f6ppning, Janelle"},"content":{"rendered":"<p>Hopf\u00e4llbart paraply i polyester (190T), 8 paneler, med tygfodral. Tr\u00e4handtag med praktiskt handledsband.<\/p>\n","protected":false},"excerpt":{"rendered":"<p>Hopf\u00e4llbart paraply i polyester (190T), 8 paneler, med tygfodral. Tr\u00e4handtag med praktiskt handledsband.<\/p>\n","protected":false},"featured_media":100446,"template":"","meta":{"_acf_changed":false,"_seopress_robots_primary_cat":"","_seopress_titles_title":"","_seopress_titles_desc":"","_seopress_robots_index":""},"product_brand":[],"product_cat":[15],"product_tag":[],"class_list":{"0":"post-100445","1":"product","2":"type-product","3":"status-publish","4":"has-post-thumbnail","6":"product_cat-okategoriserad","7":"atta45_taxonomy-paraply-hopvikbara-paraply-sv","8":"atta45_taxonomy-tema-inspiration-sasong-host-sv","9":"atta45_taxonomy-paraply-sv","10":"atta45_taxonomy-tema-inspiration-ogonblick-regniga-dagar-sv","11":"atta45_taxonomy-tema-inspiration-sasong-sv","12":"atta45_taxonomy-paraply-standard-paraplyer-sv","13":"atta45_taxonomy-tema-inspiration-sv","15":"first","16":"instock","17":"taxable","18":"shipping-taxable","19":"purchasable","20":"product-type-variable"},"acf":[],"_links":{"self":[{"href":"https:\/\/www.atta45.se\/e-butik\/wp-json\/wp\/v2\/product\/100445","targetHints":{"allow":["GET"]}}],"collection":[{"href":"https:\/\/www.atta45.se\/e-butik\/wp-json\/wp\/v2\/product"}],"about":[{"href":"https:\/\/www.atta45.se\/e-butik\/wp-json\/wp\/v2\/types\/product"}],"wp:featuredmedia":[{"embeddable":true,"href":"https:\/\/www.atta45.se\/e-butik\/wp-json\/wp\/v2\/media\/100446"}],"wp:attachment":[{"href":"https:\/\/www.atta45.se\/e-butik\/wp-json\/wp\/v2\/media?parent=100445"}],"wp:term":[{"taxonomy":"product_brand","embeddable":true,"href":"https:\/\/www.atta45.se\/e-butik\/wp-json\/wp\/v2\/product_brand?post=100445"},{"taxonomy":"product_cat","embeddable":true,"href":"https:\/\/www.atta45.se\/e-butik\/wp-json\/wp\/v2\/product_cat?post=100445"},{"taxonomy":"product_tag","embeddable":true,"href":"https:\/\/www.atta45.se\/e-butik\/wp-json\/wp\/v2\/product_tag?post=100445"}],"curies":[{"name":"wp","href":"https:\/\/api.w.org\/{rel}","templated":true}]}}