{"id":100387,"date":"2024-12-27T08:50:25","date_gmt":"2024-12-27T07:50:25","guid":{"rendered":"https:\/\/www.atta45.se\/e-butik\/?post_type=product&#038;p=100387"},"modified":"2025-10-27T19:21:38","modified_gmt":"2025-10-27T18:21:38","slug":"paraply-automatisk-oppning","status":"publish","type":"product","link":"https:\/\/www.atta45.se\/e-butik\/produkt\/paraply-automatisk-oppning\/","title":{"rendered":"Paraply, automatisk \u00f6ppning"},"content":{"rendered":"<p>Paraply med automatisk \u00f6ppning, 8 paneler i polyester (190T), skaft och skyddstoppar i metall, spr\u00f6t i glasfiber. Textilband med kardborre. Levereras med matchande \u00f6verdrag i textil.<\/p>\n","protected":false},"excerpt":{"rendered":"<p>Paraply med automatisk \u00f6ppning, 8 paneler i polyester (190T), skaft och skyddstoppar i metall, spr\u00f6t i glasfiber. Textilband med kardborre. Levereras med matchande \u00f6verdrag i textil.<\/p>\n","protected":false},"featured_media":100388,"template":"","meta":{"_acf_changed":false,"_seopress_robots_primary_cat":"","_seopress_titles_title":"","_seopress_titles_desc":"","_seopress_robots_index":""},"product_brand":[],"product_cat":[15],"product_tag":[],"class_list":{"0":"post-100387","1":"product","2":"type-product","3":"status-publish","4":"has-post-thumbnail","6":"product_cat-okategoriserad","7":"atta45_taxonomy-tema-inspiration-sasong-host-sv","8":"atta45_taxonomy-paraply-sv","9":"atta45_taxonomy-tema-inspiration-ogonblick-regniga-dagar-sv","10":"atta45_taxonomy-tema-inspiration-sasong-sv","11":"atta45_taxonomy-paraply-standard-paraplyer-sv","12":"atta45_taxonomy-tema-inspiration-sv","14":"first","15":"instock","16":"taxable","17":"shipping-taxable","18":"purchasable","19":"product-type-variable"},"acf":[],"_links":{"self":[{"href":"https:\/\/www.atta45.se\/e-butik\/wp-json\/wp\/v2\/product\/100387","targetHints":{"allow":["GET"]}}],"collection":[{"href":"https:\/\/www.atta45.se\/e-butik\/wp-json\/wp\/v2\/product"}],"about":[{"href":"https:\/\/www.atta45.se\/e-butik\/wp-json\/wp\/v2\/types\/product"}],"wp:featuredmedia":[{"embeddable":true,"href":"https:\/\/www.atta45.se\/e-butik\/wp-json\/wp\/v2\/media\/100388"}],"wp:attachment":[{"href":"https:\/\/www.atta45.se\/e-butik\/wp-json\/wp\/v2\/media?parent=100387"}],"wp:term":[{"taxonomy":"product_brand","embeddable":true,"href":"https:\/\/www.atta45.se\/e-butik\/wp-json\/wp\/v2\/product_brand?post=100387"},{"taxonomy":"product_cat","embeddable":true,"href":"https:\/\/www.atta45.se\/e-butik\/wp-json\/wp\/v2\/product_cat?post=100387"},{"taxonomy":"product_tag","embeddable":true,"href":"https:\/\/www.atta45.se\/e-butik\/wp-json\/wp\/v2\/product_tag?post=100387"}],"curies":[{"name":"wp","href":"https:\/\/api.w.org\/{rel}","templated":true}]}}