{"id":3908,"date":"2020-01-24T13:09:48","date_gmt":"2020-01-24T12:09:48","guid":{"rendered":"https:\/\/flipptryck.a-demo.se\/?page_id=3908"},"modified":"2024-12-27T17:42:35","modified_gmt":"2024-12-27T16:42:35","slug":"cookies-2-2","status":"publish","type":"page","link":"https:\/\/www.atta45.se\/e-butik\/cookies-2-2\/","title":{"rendered":"Cookies 2"},"content":{"rendered":"\t<section class=\"block hero default\" style=\"background-image: url(https:\/\/www.atta45.se\/e-butik\/wp-content\/uploads\/sites\/1\/2024\/12\/Blue_TopBanner_2024_A-scaled.jpg);\">\r\n\t\t<div class=\"hero-overlay\" style=\"background-color: \"><\/div>\r\n\t\t<div class=\"hero--inner editor_content white \" style=\"color: \">\r\n\t\t\t<div class=\"column-two-thirds center\">\n<h1 class=\"align-center\" style=\"text-align: center\">Cookies f\u00f6r att ge dig b\u00e4sta m\u00f6jliga upplevelse<\/h1>\n<\/div>\n\t\t<\/div>\r\n\t<\/section>\r\n\n\n<section class=\"content-block block container-fluid bg--white\">\r\n\t    \t\t<div class=\"row justify-content-center content-block--row\">\r\n\t<div class=\"col-lg-8 col-md-10 col-12 editor_content\">\r\n\t\t<h5>F\u00f6r att tillf\u00f6rs\u00e4kra oss om att du f\u00e5r den mest relevanta informationen och den b\u00e4sta servicen samlar vi information genom s\u00e5 kallade cookies p\u00e5 din utrustning.<\/h5>\n<div class=\"column-two-thirds center\">\n<p>\u00c5tta.45 Tryckeri anv\u00e4nder cookies. En cookie \u00e4r en textfil som sparas ned till din enhet s\u00e5 att hemsidan kan k\u00e4nna igen din enhet. Denna cookie inneh\u00e5ller ingen personinformation. Det finns tv\u00e5 typer av cookies, permanenta och tempor\u00e4ra (s\u00e5 kallade sessionscookies). Permanenta cookies lagras som en fil p\u00e5 din enhet under en l\u00e4ngre period, medan sessionscookies \u00e4r tempor\u00e4rt placerade p\u00e5 din enhet och anv\u00e4nds bara under den tid du surfar p\u00e5 sidan och f\u00f6rsvinner d\u00e4refter.<\/p>\n<p>Cookies anv\u00e4nds till att ge dig som bes\u00f6kare tillg\u00e5ng till olika funktioner. I en cookie \u00e4r det m\u00f6jligt att se\/f\u00f6lja en anv\u00e4ndares surfande och vi anv\u00e4nder cookies f\u00f6r att administrera och anpassa dina bes\u00f6k. Vi anv\u00e4nder \u00e4ven cookies p\u00e5 v\u00e5r webbsida f\u00f6r att vi ska kunna f\u00f6ra statistik hur mycket webben anv\u00e4nds i sin helhet.<\/p>\n<p>Om du vill veta n\u00e4r din enhet tar emot en cookie, kan du st\u00e4lla in din webbl\u00e4sare s\u00e5 att den meddelar dig om det. P\u00e5 s\u00e5 vis har du m\u00f6jlighet att acceptera eller avvisa en cookie. Din enhet kan ocks\u00e5 st\u00e4llas in s\u00e5 att den avvisar samtliga cookies. F\u00f6r det fall du v\u00e4ljer att inte acceptera cookies, v\u00e4nligen notera att vissa funktioner i v\u00e5ra onlinetj\u00e4nster inte l\u00e4ngre kommer att fungera s\u00e5som avsett.<\/p>\n<\/div>\n\t<\/div>\r\n<\/div>    \t<\/section>\r\n","protected":false},"excerpt":{"rendered":"","protected":false},"author":9,"featured_media":0,"parent":0,"menu_order":0,"comment_status":"closed","ping_status":"closed","template":"","meta":{"_acf_changed":false,"_seopress_robots_primary_cat":"","_seopress_titles_title":"","_seopress_titles_desc":"","_seopress_robots_index":"yes","footnotes":""},"class_list":["post-3908","page","type-page","status-publish","hentry"],"acf":[],"_links":{"self":[{"href":"https:\/\/www.atta45.se\/e-butik\/wp-json\/wp\/v2\/pages\/3908","targetHints":{"allow":["GET"]}}],"collection":[{"href":"https:\/\/www.atta45.se\/e-butik\/wp-json\/wp\/v2\/pages"}],"about":[{"href":"https:\/\/www.atta45.se\/e-butik\/wp-json\/wp\/v2\/types\/page"}],"author":[{"embeddable":true,"href":"https:\/\/www.atta45.se\/e-butik\/wp-json\/wp\/v2\/users\/9"}],"replies":[{"embeddable":true,"href":"https:\/\/www.atta45.se\/e-butik\/wp-json\/wp\/v2\/comments?post=3908"}],"version-history":[{"count":30,"href":"https:\/\/www.atta45.se\/e-butik\/wp-json\/wp\/v2\/pages\/3908\/revisions"}],"predecessor-version":[{"id":104962,"href":"https:\/\/www.atta45.se\/e-butik\/wp-json\/wp\/v2\/pages\/3908\/revisions\/104962"}],"wp:attachment":[{"href":"https:\/\/www.atta45.se\/e-butik\/wp-json\/wp\/v2\/media?parent=3908"}],"curies":[{"name":"wp","href":"https:\/\/api.w.org\/{rel}","templated":true}]}}