{"id":2635,"date":"2020-01-03T13:38:27","date_gmt":"2020-01-03T12:38:27","guid":{"rendered":"https:\/\/flipptryck.a-demo.se\/?page_id=2635"},"modified":"2024-12-27T17:36:20","modified_gmt":"2024-12-27T16:36:20","slug":"papper","status":"publish","type":"page","link":"https:\/\/www.atta45.se\/e-butik\/papper\/","title":{"rendered":"Papper"},"content":{"rendered":"\n\n<section class=\"block breadcrumbs\">\r\n\t<div class=\"container-fluid\">\r\n\t\t<div class=\"row\">\r\n\t\t\t<div class=\"breadcrumbs--inner\">\r\n\t\t\t\t\t\t\t\t\t\t\t\t\t\t\t\t<\/div>\r\n\t\t<\/div>\r\n\t<\/div>\r\n<\/section>\n\n<section class=\"content-block block container-fluid bg--white\">\r\n\t    \t\t<div class=\"row justify-content-center content-block--row\">\r\n\t<div class=\"col-lg-8 col-md-10 col-12 editor_content\">\r\n\t\t<h1 style=\"text-align: center\">Papper handlar om funktion, k\u00e4nsla och ekonomi<\/h1>\n<h5 style=\"text-align: center\">R\u00e4tt papper kan ge din trycksak det lilla extra som g\u00f6r att den st\u00e5r ut i m\u00e4ngden. En h\u00f6gre ytvikt ger pappret ett b\u00e4ttre intryck.<br \/>\nEn l\u00e4gre ytvikt ger i regel b\u00e4ttre priser.<\/h5>\n\t<\/div>\r\n<\/div>    \t<\/section>\r\n\n\n<section class=\"content-block block bg--lightGray\">\r\n\t\t<div class=\"container-fluid\">\r\n\t    \t\t<div class=\"row justify-content-center content-block--row\">\r\n\t<div class=\"col-lg-10 col-12 editor_content\">\r\n\t\t<div class=\"row justify-content-end\">\r\n\t\t\t<div class=\"col-lg-9 col-md-10 col-12 editor_content\">\r\n\t\t\t\t<h3 style=\"text-align: left\"><img decoding=\"async\" class=\"alignleft wp-image-2638\" src=\"https:\/\/flipptryck.a-demo.se\/wp-content\/uploads\/2020\/01\/papper.jpg\" alt=\"\" width=\"300\" height=\"172\" srcset=\"https:\/\/www.atta45.se\/e-butik\/wp-content\/uploads\/sites\/1\/2020\/01\/papper.jpg 775w, https:\/\/www.atta45.se\/e-butik\/wp-content\/uploads\/sites\/1\/2020\/01\/papper-300x172.jpg 300w, https:\/\/www.atta45.se\/e-butik\/wp-content\/uploads\/sites\/1\/2020\/01\/papper-150x86.jpg 150w, https:\/\/www.atta45.se\/e-butik\/wp-content\/uploads\/sites\/1\/2020\/01\/papper-768x440.jpg 768w, https:\/\/www.atta45.se\/e-butik\/wp-content\/uploads\/sites\/1\/2020\/01\/papper-600x344.jpg 600w\" sizes=\"(max-width: 300px) 100vw, 300px\" \/>Bestruket Silk papper<\/h3>\n<p>Silk \u00e4r ett h\u00f6gbestruket papper med semimatt ytfinish och ger en j\u00e4mn och h\u00f6g kvalit\u00e9t. Passar till allt kvalificerat bildtryck och g\u00e4rna d\u00e4r bilderna har s\u00e4llskap av mycket text.<br \/>\nDetta papper uppfyller de krav som st\u00e4lls i standarden Safety of toys EN71-3\/A1:2000 och innehar Heavy metal certificate 94\/62\/EC. Pappret \u00e4r \u00e5lderbest\u00e4ndigt. Uppfyller kraven f\u00f6r Svanen.<\/p>\n<p>Finns valbart f\u00f6r: <a href=\"https:\/\/flipptryck.a-demo.se\/produkt\/broschyr\/\">Broschyr<\/a>, Folder, Flyer, Blad, Kort, Affisch<\/p>\n<p>&nbsp;<\/p>\n\t\t\t<\/div>\r\n\t\t<\/div>\r\n\t<\/div>\r\n<\/div>    \t\t<\/div>\r\n\t<\/section>\r\n\n\n<section class=\"content-block block container-fluid bg--white\">\r\n\t    \t\t<div class=\"row justify-content-center content-block--row\">\r\n\t<div class=\"col-lg-10 col-12 editor_content\">\r\n\t\t<div class=\"row justify-content-start\">\r\n\t\t\t<div class=\"col-lg-9 col-md-10 col-12 editor_content\">\r\n\t\t\t\t<h3><img decoding=\"async\" class=\"size-medium wp-image-2638 alignright\" src=\"https:\/\/flipptryck.a-demo.se\/wp-content\/uploads\/2020\/01\/papper-300x172.jpg\" alt=\"\" width=\"300\" height=\"172\" srcset=\"https:\/\/www.atta45.se\/e-butik\/wp-content\/uploads\/sites\/1\/2020\/01\/papper-300x172.jpg 300w, https:\/\/www.atta45.se\/e-butik\/wp-content\/uploads\/sites\/1\/2020\/01\/papper-150x86.jpg 150w, https:\/\/www.atta45.se\/e-butik\/wp-content\/uploads\/sites\/1\/2020\/01\/papper-768x440.jpg 768w, https:\/\/www.atta45.se\/e-butik\/wp-content\/uploads\/sites\/1\/2020\/01\/papper-600x344.jpg 600w, https:\/\/www.atta45.se\/e-butik\/wp-content\/uploads\/sites\/1\/2020\/01\/papper.jpg 775w\" sizes=\"(max-width: 300px) 100vw, 300px\" \/>Obestruket papper<strong><br \/>\n<\/strong><\/h3>\n<p>Obestruket papper passar till alla vardagliga trycksaker, speciellt i lite st\u00f6rre upplagor n\u00e4r k\u00f6rbarhet och ekonomi \u00e4r extra viktigt. Pappret \u00e4r godk\u00e4nd f\u00f6r leksaker och \u00e5lderbest\u00e4ndigt.<br \/>\nDetta papper uppfyller de krav som st\u00e4lls ECF, EU-Blomman, kan ing\u00e5 i Svanenm\u00e4rkta trycksaker, PEFC eller FSC mot f\u00f6rfr\u00e5gan, ISO 14001.<\/p>\n<p>Finns valbart f\u00f6r: Broschyr, Folder, Flyer, Blad, Kort<\/p>\n\t\t\t<\/div>\r\n\t\t<\/div>\r\n\t<\/div>\r\n<\/div>    \t<\/section>\r\n\n\n<section class=\"content-block block bg--lightGray\">\r\n\t\t<div class=\"container-fluid\">\r\n\t    \t\t<div class=\"row justify-content-center content-block--row\">\r\n\t<div class=\"col-lg-10 col-12 editor_content\">\r\n\t\t<div class=\"row justify-content-end\">\r\n\t\t\t<div class=\"col-lg-9 col-md-10 col-12 editor_content\">\r\n\t\t\t\t<h3 style=\"text-align: left\"><img decoding=\"async\" class=\"size-medium wp-image-2638 alignleft\" src=\"https:\/\/flipptryck.a-demo.se\/wp-content\/uploads\/2020\/01\/papper-300x172.jpg\" alt=\"\" width=\"300\" height=\"172\" srcset=\"https:\/\/www.atta45.se\/e-butik\/wp-content\/uploads\/sites\/1\/2020\/01\/papper-300x172.jpg 300w, https:\/\/www.atta45.se\/e-butik\/wp-content\/uploads\/sites\/1\/2020\/01\/papper-150x86.jpg 150w, https:\/\/www.atta45.se\/e-butik\/wp-content\/uploads\/sites\/1\/2020\/01\/papper-768x440.jpg 768w, https:\/\/www.atta45.se\/e-butik\/wp-content\/uploads\/sites\/1\/2020\/01\/papper-600x344.jpg 600w, https:\/\/www.atta45.se\/e-butik\/wp-content\/uploads\/sites\/1\/2020\/01\/papper.jpg 775w\" sizes=\"(max-width: 300px) 100vw, 300px\" \/>Gloss papper<strong><br \/>\n<\/strong><\/h3>\n<p style=\"text-align: left\">Gloss \u00e4r ett h\u00f6gbestruket papper med gl\u00e4ttad ytfinish. K\u00e4nnetecknande f\u00f6r pappret \u00e4r den j\u00e4mna och h\u00f6ga kvaliteten och passar till allt kvalificerat bildtryck. F\u00f6r h\u00f6gre krav p\u00e5 l\u00e4sbarhet rekommenderas Silk papper. Gloss ger mycket bra bild\u00e5tergivning men \u00e4r mindre l\u00e4mplig f\u00f6r stora textmassor. Detta papper uppfyller de krav som st\u00e4lls i standarden Safety of toys EN71-3\/A1:2000 och innehar Heavy metal certificate 94\/62\/EC. Pappret \u00e4r \u00e5lderbest\u00e4ndigt. Uppfyller kraven f\u00f6r Svanen.<\/p>\n<p>Finns valbart f\u00f6r: Broschyr omslag<\/p>\n\t\t\t<\/div>\r\n\t\t<\/div>\r\n\t<\/div>\r\n<\/div>    \t\t<\/div>\r\n\t<\/section>\r\n\n\n<section class=\"content-block block container-fluid bg--white\">\r\n\t    \t\t<div class=\"row justify-content-center content-block--row\">\r\n\t<div class=\"col-lg-10 col-12 editor_content\">\r\n\t\t<div class=\"row justify-content-start\">\r\n\t\t\t<div class=\"col-lg-9 col-md-10 col-12 editor_content\">\r\n\t\t\t\t<h3><img decoding=\"async\" class=\"size-medium wp-image-2638 alignright\" src=\"https:\/\/flipptryck.a-demo.se\/wp-content\/uploads\/2020\/01\/papper-300x172.jpg\" alt=\"\" width=\"300\" height=\"172\" srcset=\"https:\/\/www.atta45.se\/e-butik\/wp-content\/uploads\/sites\/1\/2020\/01\/papper-300x172.jpg 300w, https:\/\/www.atta45.se\/e-butik\/wp-content\/uploads\/sites\/1\/2020\/01\/papper-150x86.jpg 150w, https:\/\/www.atta45.se\/e-butik\/wp-content\/uploads\/sites\/1\/2020\/01\/papper-768x440.jpg 768w, https:\/\/www.atta45.se\/e-butik\/wp-content\/uploads\/sites\/1\/2020\/01\/papper-600x344.jpg 600w, https:\/\/www.atta45.se\/e-butik\/wp-content\/uploads\/sites\/1\/2020\/01\/papper.jpg 775w\" sizes=\"(max-width: 300px) 100vw, 300px\" \/>Matt medium bestruket papper<\/h3>\n<p>Arctic Matt \u00e4r ett matt, bestruket papper med en \u00f6verraskande len, vit yta som ger en naturlig k\u00e4nsla. Papperet har god opacitet, styvhet, h\u00f6g bulk och utm\u00e4rkta tryck- och efterbearbetningsegenskaper. Den matta ytan g\u00f6r trycket l\u00e4sv\u00e4nligt och fritt fr\u00e5n reflexer. Finns tillg\u00e4ngliga som FSC. FSC-C007342 och PEFC\u2122-certifierat, PEFC\/05-33-98.<\/p>\n\t\t\t<\/div>\r\n\t\t<\/div>\r\n\t<\/div>\r\n<\/div>    \t<\/section>\r\n\n\n<section class=\"content-block block bg--lightGray\">\r\n\t\t<div class=\"container-fluid\">\r\n\t    \t\t<div class=\"row justify-content-center content-block--row\">\r\n\t<div class=\"col-lg-10 col-12 editor_content\">\r\n\t\t<div class=\"row justify-content-end\">\r\n\t\t\t<div class=\"col-lg-9 col-md-10 col-12 editor_content\">\r\n\t\t\t\t<h3 style=\"text-align: left\"><img decoding=\"async\" class=\"size-medium wp-image-2638 alignleft\" src=\"https:\/\/flipptryck.a-demo.se\/wp-content\/uploads\/2020\/01\/papper-300x172.jpg\" alt=\"\" width=\"300\" height=\"172\" srcset=\"https:\/\/www.atta45.se\/e-butik\/wp-content\/uploads\/sites\/1\/2020\/01\/papper-300x172.jpg 300w, https:\/\/www.atta45.se\/e-butik\/wp-content\/uploads\/sites\/1\/2020\/01\/papper-150x86.jpg 150w, https:\/\/www.atta45.se\/e-butik\/wp-content\/uploads\/sites\/1\/2020\/01\/papper-768x440.jpg 768w, https:\/\/www.atta45.se\/e-butik\/wp-content\/uploads\/sites\/1\/2020\/01\/papper-600x344.jpg 600w, https:\/\/www.atta45.se\/e-butik\/wp-content\/uploads\/sites\/1\/2020\/01\/papper.jpg 775w\" sizes=\"(max-width: 300px) 100vw, 300px\" \/>Liksidig kartong<\/h3>\n<p style=\"text-align: left\">Invercote Creato \u00e4r en liksidigt h\u00f6gbestruken kartong med silkesmatt ytfinish. Kartongens mycket sl\u00e4ta ytfinish och glans ger optimal bild\u00e5tergivning. Invercote \u00e4r \u00e4ven s\u00e4rsklit l\u00e4mplig f\u00f6r kr\u00e4vande stansning, pr\u00e4gling, foliering, lackning och laminering med mera. Pappret \u00e4r godk\u00e4nd f\u00f6r leksaker och \u00e5lderbest\u00e4ndigt. Milj\u00f6rekommendationer: ECF, FSC certifierad, PEFC mot f\u00f6rfr\u00e5gan, ISO 14001.<\/p>\n\t\t\t<\/div>\r\n\t\t<\/div>\r\n\t<\/div>\r\n<\/div>    \t\t<\/div>\r\n\t<\/section>\r\n\n\n<section class=\"content-block block container-fluid bg--white\">\r\n\t    \t\t<div class=\"row justify-content-center content-block--row\">\r\n\t<div class=\"col-lg-10 col-12 editor_content\">\r\n\t\t<div class=\"row justify-content-start\">\r\n\t\t\t<div class=\"col-lg-9 col-md-10 col-12 editor_content\">\r\n\t\t\t\t<h3><img decoding=\"async\" class=\"size-medium wp-image-2638 alignright\" src=\"https:\/\/flipptryck.a-demo.se\/wp-content\/uploads\/2020\/01\/papper-300x172.jpg\" alt=\"\" width=\"300\" height=\"172\" srcset=\"https:\/\/www.atta45.se\/e-butik\/wp-content\/uploads\/sites\/1\/2020\/01\/papper-300x172.jpg 300w, https:\/\/www.atta45.se\/e-butik\/wp-content\/uploads\/sites\/1\/2020\/01\/papper-150x86.jpg 150w, https:\/\/www.atta45.se\/e-butik\/wp-content\/uploads\/sites\/1\/2020\/01\/papper-768x440.jpg 768w, https:\/\/www.atta45.se\/e-butik\/wp-content\/uploads\/sites\/1\/2020\/01\/papper-600x344.jpg 600w, https:\/\/www.atta45.se\/e-butik\/wp-content\/uploads\/sites\/1\/2020\/01\/papper.jpg 775w\" sizes=\"(max-width: 300px) 100vw, 300px\" \/>Oliksidig (vykort) Kartong<\/h3>\n<p style=\"text-align: left\">Den oliksidiga kartongen \u00e4r bestruken p\u00e5 utsidan och obestruken p\u00e5 insidan. Denna kartong uppfyller de krav som st\u00e4lls i standarden Safety of toys EN71-3\/A1:2000 och innehar Heavy metal certificate 94\/62\/EC.<\/p>\n<p>Finns valbart f\u00f6r: Vykort<\/p>\n\t\t\t<\/div>\r\n\t\t<\/div>\r\n\t<\/div>\r\n<\/div>    \t<\/section>\r\n\n\n<section class=\"content-block block bg--lightGray\">\r\n\t\t<div class=\"container-fluid\">\r\n\t    \t\t<div class=\"row justify-content-center content-block--row\">\r\n\t<div class=\"col-lg-10 col-12 editor_content\">\r\n\t\t<div class=\"row justify-content-end\">\r\n\t\t\t<div class=\"col-lg-9 col-md-10 col-12 editor_content\">\r\n\t\t\t\t<h3 style=\"text-align: right\">Ljusl\u00e5defilm<\/h3>\n<p style=\"text-align: right\">Ge din design djup och sk\u00e4rpa med ljus! Ditt budskap f\u00e5r en helt annan genomslagskraft i en ljusl\u00e5da. F\u00e4rger blir vackrare, bilder k\u00e4nns mer levande och hj\u00e4lper dig ytterligare att f\u00e5nga uppm\u00e4rksamheten. Idag anv\u00e4nder man huvudsakligen LED-belysning vilket ger ett j\u00e4mt och energisn\u00e5lt (milj\u00f6v\u00e4nligt) sken.<\/p>\n<p style=\"text-align: right\">Ljusl\u00e5defilmen trycks i standardformatet 500&#215;700 mm men \u00f6nskar du n\u00e5got annat format s\u00e5 kontakta oss p\u00e5 support@flipptryck.se s\u00e5 hj\u00e4lper vi dig med det. Materialet vi anv\u00e4nder f\u00f6r tillverkning av ljusl\u00e5defilm \u00e4r en tunn och matt-bestruken transparent polyesterfilm av bra kvalitet. Bestrykningen \u00e4r vattent\u00e5lig och g\u00f6r att din ljusl\u00e5da klarar utomhusmilj\u00f6 lika bra som exponering inomhus.<\/p>\n\t\t\t<\/div>\r\n\t\t<\/div>\r\n\t<\/div>\r\n<\/div>    \t\t<\/div>\r\n\t<\/section>\r\n\n\n<section class=\"content-block block container-fluid bg--white\">\r\n\t    \t\t<div class=\"row justify-content-center content-block--row\">\r\n\t<div class=\"col-lg-10 col-12 editor_content\">\r\n\t\t<div class=\"row justify-content-start\">\r\n\t\t\t<div class=\"col-lg-9 col-md-10 col-12 editor_content\">\r\n\t\t\t\t<h3 style=\"text-align: left\">Printolyte f\u00f6r takskyltar<\/h3>\n<div class=\"small-12 medium-6 large-6 columns\" style=\"text-align: left\">Takskyltar \u00e4r en bra l\u00f6sning n\u00e4r ditt budskap ska synas p\u00e5 l\u00e5ngt h\u00e5ll. H\u00e4ng dom fr\u00e5n taket eller annan inredning. Skyltarna \u00e4r tillverkade i ett t\u00e5ligt och v\u00e4derbest\u00e4ndigt material och passar b\u00e5de inom- och utomhus. Skyltarna har stansade h\u00e5l och flexibla upph\u00e4ngningskrokar medf\u00f6ljer.<\/div>\n<div style=\"text-align: left\"><\/div>\n<div class=\"small-12 medium-6 large-6 columns\" style=\"text-align: left\">Printolyte \u00e4r ett mjukare material och mer flexibelt material \u00e4n Forex. utformad f\u00f6r att uppfylla kraven f\u00f6r tryckning. Det extremt l\u00e4tta materialet \u00e4r enast\u00e5ende p\u00e5 grund av dess vita och sl\u00e4ta yta med en bikupek\u00e4rna. H\u00e4r erbjuds ni formatet 800&#215;210 mm eller rund med en diameter om 260 mm. Givetvis kan vi g\u00f6ra takskyltar i andra format ocks\u00e5. Kontakta oss idag f\u00f6r mer information.<\/div>\n\t\t\t<\/div>\r\n\t\t<\/div>\r\n\t<\/div>\r\n<\/div>    \t<\/section>\r\n\n\n<section class=\"content-block block bg--lightGray\">\r\n\t\t<div class=\"container-fluid\">\r\n\t    \t\t<div class=\"row justify-content-center content-block--row\">\r\n\t<div class=\"col-lg-10 col-12 editor_content\">\r\n\t\t<div class=\"row justify-content-end\">\r\n\t\t\t<div class=\"col-lg-9 col-md-10 col-12 editor_content\">\r\n\t\t\t\t<h3 style=\"text-align: right\">Dekal f\u00f6nster<\/h3>\n<div class=\"small-12 medium-6 large-6 columns\" style=\"text-align: right\">F\u00f6nsterdekaler \u00e4r dubbelsidiga och kommunicerar b\u00e5de ut\u00e5t och in\u00e5t \u2013 med olika design om du \u00f6nskar. Det \u00e4r en utm\u00e4rkt reklamprodukt till tempor\u00e4ra s\u00e4ljkampanjer som fungerar lika bra p\u00e5 en d\u00f6rr av glas som ett f\u00f6nster.<\/div>\n<div class=\"small-12 medium-6 large-6 columns\" style=\"text-align: right\">Den f\u00e4ster mot sl\u00e4ta ytor som f\u00f6nster helt utan adhesiv. Dekalen \u00e4r l\u00e4tt att applicera och blir inte bubblig. Med v\u00e5rt h\u00f6guppl\u00f6sta digitaltryck f\u00e5r f\u00e4rger och bilder fantastisk lyster p\u00e5 detta material. Dessutom g\u00e5r dekalen att tas loss och applicera p\u00e5 nytt, g\u00e5ng p\u00e5 g\u00e5ng. Blir materialet dammigt p\u00e5 undersidan (och d\u00e4rmed f\u00e4ster lite d\u00e5ligt) \u00e4r det bara att sk\u00f6lja av med vatten och applicera p\u00e5 nytt.<\/div>\n<p>&nbsp;<\/p>\n\t\t\t<\/div>\r\n\t\t<\/div>\r\n\t<\/div>\r\n<\/div>    \t\t<\/div>\r\n\t<\/section>\r\n\n\n<section class=\"content-block block container-fluid bg--white\">\r\n\t    \t\t<div class=\"row justify-content-center content-block--row\">\r\n\t<div class=\"col-lg-10 col-12 editor_content\">\r\n\t\t<div class=\"row justify-content-start\">\r\n\t\t\t<div class=\"col-lg-9 col-md-10 col-12 editor_content\">\r\n\t\t\t\t<h3 style=\"text-align: left\">Dekal v\u00e4gg\/golv<\/h3>\n<div class=\"small-12 medium-6 large-6 columns\" style=\"text-align: left\">N\u00e4r du tillf\u00e4lligt vill anv\u00e4nda v\u00e4ggar som kommunikationsyta \u00e4r v\u00e4ggdekalen ett bra val. Dekalen ger dig flexibilitet och \u00e4r ett prisv\u00e4rt alternativ till annan kampanjinredning. Dekalerna \u00e4r l\u00e4tth\u00e4ftade och helt fri fr\u00e5n adhesiv (klister). Dekalen f\u00e4ster p\u00e5 alla sl\u00e4ta ytor, \u00e4r l\u00e4tta att s\u00e4tta upp och ta ner, l\u00e4mnar inga m\u00e4rken efter sig och kan enkelt flyttas. Motiven trycks alltid i h\u00f6gsta kvalitet och uppl\u00f6sning i v\u00e5ra moderna digitalpressar.<\/div>\n<div class=\"small-12 medium-6 large-6 columns\" style=\"text-align: left\">V\u00e5ra golvdekaler f\u00f6rvandlar golv till en attraktiv och i\u00f6gonfallande reklamyta! H\u00e4r kan du ta ut sv\u00e4ngarna med formgivningen, exempelvis kan en effekt av 3D ge stor uppm\u00e4rksamhet. Golvdekoren har en h\u00e5llbarhet p\u00e5 upp till 6 m\u00e5nader och anv\u00e4nds flitigt p\u00e5 offentliga platser s\u00e5 som flygplatser, gallerior och stormarknader. Du kan ocks\u00e5 g\u00f6ra en konturstansning som passar motivet och som h\u00f6jer intrycket av golvdekalerna.<\/div>\n<div class=\"small-12 medium-6 large-6 columns\" style=\"text-align: left\">Kontakta oss idag  f\u00f6r annan utformning av din golvdekal s\u00e5 hj\u00e4lper vi dig hela v\u00e4gen.<\/div>\n\t\t\t<\/div>\r\n\t\t<\/div>\r\n\t<\/div>\r\n<\/div>    \t<\/section>\r\n\n\n<section class=\"content-block block bg--lightGray\">\r\n\t\t<div class=\"container-fluid\">\r\n\t    \t\t<div class=\"row justify-content-center content-block--row\">\r\n\t<div class=\"col-lg-10 col-12 editor_content\">\r\n\t\t<div class=\"row justify-content-end\">\r\n\t\t\t<div class=\"col-lg-9 col-md-10 col-12 editor_content\">\r\n\t\t\t\t<h3 style=\"text-align: right\">Forex\u00a0print\u00a03 mm<\/h3>\n<p style=\"text-align: right\">Vi tillverkar skyltar i Forex, tjocklek 3 mm, som \u00e4r en extruderad PVC-skiva speciellt utformad f\u00f6r att uppfylla kraven f\u00f6r tryckning. Det extremt l\u00e4tta materialet \u00e4r enast\u00e5ende tack vare dess vita och sl\u00e4ta yta, som utg\u00f6r grunden f\u00f6r ett perfekt tryckresultat b\u00e5de f\u00f6r digital- och screentryckning. Passar f\u00f6r inom- och utomhusapplikationer. Brandklassad B1 enligt DIN 4102.<\/p>\n\t\t\t<\/div>\r\n\t\t<\/div>\r\n\t<\/div>\r\n<\/div>    \t\t<\/div>\r\n\t<\/section>\r\n\n\n<section class=\"content-block block container-fluid bg--white\">\r\n\t    \t\t<div class=\"row justify-content-center content-block--row\">\r\n\t<div class=\"col-lg-10 col-12 editor_content\">\r\n\t\t<div class=\"row justify-content-start\">\r\n\t\t\t<div class=\"col-lg-9 col-md-10 col-12 editor_content\">\r\n\t\t\t\t<h3 style=\"text-align: left\">Forex\u00a0print\u00a05 mm<\/h3>\n<p style=\"text-align: left\">Forex print 5 mm \u00e4r en extruderad PVC-skiva (Brandklassad B1 enligt DIN 4102). Materialet har mycket bra mekaniska egenskaper. PVC-skivans homogena cellstruktur tillsammans med dess silkeslena, matta yta ger ett perfekt tryckresultat. V\u00e4derbest\u00e4ndig och passar lika bra inne som utomhus.<\/p>\n\t\t\t<\/div>\r\n\t\t<\/div>\r\n\t<\/div>\r\n<\/div>    \t<\/section>\r\n\n\n<section class=\"content-block block bg--lightGray\">\r\n\t\t<div class=\"container-fluid\">\r\n\t    \t\t<div class=\"row justify-content-center content-block--row\">\r\n\t<div class=\"col-lg-10 col-12 editor_content\">\r\n\t\t<div class=\"row justify-content-end\">\r\n\t\t\t<div class=\"col-lg-9 col-md-10 col-12 editor_content\">\r\n\t\t\t\t<h3 style=\"text-align: right\">Alupanel 3 mm<\/h3>\n<p style=\"text-align: right\">Alupanel 3 mm har extra h\u00f6g h\u00e5llbarhet men \u00e4r samtidigt ett skyltmaterial med l\u00e5g vikt. Bel\u00e4ggningen av aluminium ger skivan fina bearbetningsm\u00f6jligheter samtidigt som materialet \u00e4r styvt och l\u00e4tt. Bel\u00e4ggningen p\u00e5 ytan av superpolyesterlack som ger utm\u00e4rkta tryckegenskaper.<\/p>\n\t\t\t<\/div>\r\n\t\t<\/div>\r\n\t<\/div>\r\n<\/div>    \t\t<\/div>\r\n\t<\/section>\r\n\n\n<section class=\"content-block block container-fluid bg--white\">\r\n\t    \t\t<div class=\"row justify-content-center content-block--row\">\r\n\t<div class=\"col-lg-10 col-12 editor_content\">\r\n\t\t<div class=\"row justify-content-start\">\r\n\t\t\t<div class=\"col-lg-9 col-md-10 col-12 editor_content\">\r\n\t\t\t\t<h3 style=\"text-align: left\">Kapa 5 mm<\/h3>\n<p style=\"text-align: left\">Kapa 5 mm \u00e4r ett extremt l\u00e4tt materialet med vit och sl\u00e4t yta. \u00c4ven kallad foamboard, cellpann\u00e5 eller cellcore. Kapa 5 mm anv\u00e4nds med f\u00f6rdel till inomhusskyltning exempelvis skyltar, studentskyltar, modellbyggen, anslagstavlor, affischer samt montering.<\/p>\n\t\t\t<\/div>\r\n\t\t<\/div>\r\n\t<\/div>\r\n<\/div>    \t<\/section>\r\n\n\n<section class=\"content-block block bg--lightGray\">\r\n\t\t<div class=\"container-fluid\">\r\n\t    \t\t<div class=\"row justify-content-center content-block--row\">\r\n\t<div class=\"col-lg-10 col-12 editor_content\">\r\n\t\t<div class=\"row justify-content-end\">\r\n\t\t\t<div class=\"col-lg-9 col-md-10 col-12 editor_content\">\r\n\t\t\t\t<h3 style=\"text-align: right\">Banderoller<\/h3>\n<p style=\"text-align: right\">N\u00e4t mesh utomhus<br \/>\nTrycks p\u00e5 tunnare slitstark v\u00e4vvinyl som st\u00e5r emot h\u00e5rda vindar en l\u00e4ngre tid d\u00e5 den sl\u00e4pper igenom vinden. Beachbannerns banderoll tryck syns \u00e4nd\u00e5 bra p\u00e5 h\u00e5ll.<\/p>\n\t\t\t<\/div>\r\n\t\t<\/div>\r\n\t<\/div>\r\n<\/div>    \t\t<\/div>\r\n\t<\/section>\r\n\n\n<section class=\"content-block block container-fluid bg--white\">\r\n\t    \t\t<div class=\"row justify-content-center content-block--row\">\r\n\t<div class=\"col-lg-10 col-12 editor_content\">\r\n\t\t<div class=\"row justify-content-start\">\r\n\t\t\t<div class=\"col-lg-9 col-md-10 col-12 editor_content\">\r\n\t\t\t\t<h3 style=\"text-align: left\">Kartong 510g<\/h3>\n<p style=\"text-align: left\">Kartong 510g \u00e4r en styv kartong med mycket bra bild\u00e5tergivning. Anv\u00e4nds med f\u00f6rdel till skyltar i mindre format.<\/p>\n\t\t\t<\/div>\r\n\t\t<\/div>\r\n\t<\/div>\r\n<\/div>    \t<\/section>\r\n\n\n","protected":false},"excerpt":{"rendered":"","protected":false},"author":9,"featured_media":0,"parent":0,"menu_order":0,"comment_status":"closed","ping_status":"closed","template":"","meta":{"_acf_changed":false,"_seopress_robots_primary_cat":"","_seopress_titles_title":"","_seopress_titles_desc":"","_seopress_robots_index":"","footnotes":""},"class_list":["post-2635","page","type-page","status-publish","hentry"],"acf":[],"_links":{"self":[{"href":"https:\/\/www.atta45.se\/e-butik\/wp-json\/wp\/v2\/pages\/2635","targetHints":{"allow":["GET"]}}],"collection":[{"href":"https:\/\/www.atta45.se\/e-butik\/wp-json\/wp\/v2\/pages"}],"about":[{"href":"https:\/\/www.atta45.se\/e-butik\/wp-json\/wp\/v2\/types\/page"}],"author":[{"embeddable":true,"href":"https:\/\/www.atta45.se\/e-butik\/wp-json\/wp\/v2\/users\/9"}],"replies":[{"embeddable":true,"href":"https:\/\/www.atta45.se\/e-butik\/wp-json\/wp\/v2\/comments?post=2635"}],"version-history":[{"count":168,"href":"https:\/\/www.atta45.se\/e-butik\/wp-json\/wp\/v2\/pages\/2635\/revisions"}],"predecessor-version":[{"id":104958,"href":"https:\/\/www.atta45.se\/e-butik\/wp-json\/wp\/v2\/pages\/2635\/revisions\/104958"}],"wp:attachment":[{"href":"https:\/\/www.atta45.se\/e-butik\/wp-json\/wp\/v2\/media?parent=2635"}],"curies":[{"name":"wp","href":"https:\/\/api.w.org\/{rel}","templated":true}]}}