{"id":2102,"date":"2019-12-18T14:55:23","date_gmt":"2019-12-18T13:55:23","guid":{"rendered":"https:\/\/flipptryck.a-demo.se\/?page_id=2102"},"modified":"2024-12-27T16:06:40","modified_gmt":"2024-12-27T15:06:40","slug":"offert","status":"publish","type":"page","link":"https:\/\/www.atta45.se\/e-butik\/offert\/","title":{"rendered":"Offert"},"content":{"rendered":"\t<section class=\"block hero default\" style=\"background-image: url(https:\/\/www.atta45.se\/e-butik\/wp-content\/uploads\/sites\/1\/2024\/12\/Blue_TopBanner_2024_A-scaled.jpg);\">\r\n\t\t<div class=\"hero-overlay\" style=\"background-color: \"><\/div>\r\n\t\t<div class=\"hero--inner editor_content white \" style=\"color: \">\r\n\t\t\t<h1 style=\"text-align: center\">Hittar du inte det du s\u00f6kte?<\/h1>\n\t\t<\/div>\r\n\t<\/section>\r\n\n\n<section class=\"content-block block container-fluid bg--white\">\r\n\t    \t\t<div class=\"row justify-content-center content-block--row\">\r\n\t<div class=\"col-lg-8 col-md-10 col-12 editor_content\">\r\n\t\t<h5 style=\"text-align: center\">Fyll i formul\u00e4ret nedan s\u00e5 \u00e5terkommer vi till dig med ett kostnadsf\u00f6rslag eller kontakta oss p\u00e5 <a href=\"mailto:offert@atta45.se\">offert@atta45.se<\/a><\/h5>\n\t<\/div>\r\n<\/div>    \t<\/section>\r\n\n\n\t\t<section class=\"iframe-form-block block\">\r\n\t\t\t<div class=\"container-fluid\">\r\n\t\t\t\t<div class=\"form-wrapper\">\r\n\t\t\t\t\t<div class=\"title\">\r\n\t\t\t\t\t\t<h2 class=\"h2\">Offertf\u00f6rfr\u00e5gan E-butik<\/h2>\t\t\t\t\t<\/div>\r\n\t\t\t\t\t<iframe loading=\"lazy\" src=\"https:\/\/pages.upsales.com\/17742u2ac63a5dfd054fa7853daeb863d22256-frame\" width=\"100%\" height=\"935\" style=\"border:0\"><\/iframe>\t\t\t\t<\/div>\r\n\t\t\t<\/div>\r\n\t\t<\/section>\r\n\t","protected":false},"excerpt":{"rendered":"","protected":false},"author":9,"featured_media":0,"parent":0,"menu_order":0,"comment_status":"closed","ping_status":"closed","template":"","meta":{"_acf_changed":false,"_seopress_robots_primary_cat":"","_seopress_titles_title":"","_seopress_titles_desc":"","_seopress_robots_index":"","footnotes":""},"class_list":["post-2102","page","type-page","status-publish","hentry"],"acf":[],"_links":{"self":[{"href":"https:\/\/www.atta45.se\/e-butik\/wp-json\/wp\/v2\/pages\/2102","targetHints":{"allow":["GET"]}}],"collection":[{"href":"https:\/\/www.atta45.se\/e-butik\/wp-json\/wp\/v2\/pages"}],"about":[{"href":"https:\/\/www.atta45.se\/e-butik\/wp-json\/wp\/v2\/types\/page"}],"author":[{"embeddable":true,"href":"https:\/\/www.atta45.se\/e-butik\/wp-json\/wp\/v2\/users\/9"}],"replies":[{"embeddable":true,"href":"https:\/\/www.atta45.se\/e-butik\/wp-json\/wp\/v2\/comments?post=2102"}],"version-history":[{"count":102,"href":"https:\/\/www.atta45.se\/e-butik\/wp-json\/wp\/v2\/pages\/2102\/revisions"}],"predecessor-version":[{"id":104928,"href":"https:\/\/www.atta45.se\/e-butik\/wp-json\/wp\/v2\/pages\/2102\/revisions\/104928"}],"wp:attachment":[{"href":"https:\/\/www.atta45.se\/e-butik\/wp-json\/wp\/v2\/media?parent=2102"}],"curies":[{"name":"wp","href":"https:\/\/api.w.org\/{rel}","templated":true}]}}