{"id":1993,"date":"2019-12-17T16:24:57","date_gmt":"2019-12-17T15:24:57","guid":{"rendered":"https:\/\/flipptryck.a-demo.se\/?page_id=1993"},"modified":"2024-12-27T17:42:00","modified_gmt":"2024-12-27T16:42:00","slug":"om-webbplatsen","status":"publish","type":"page","link":"https:\/\/www.atta45.se\/e-butik\/om-webbplatsen\/","title":{"rendered":"Om webbplatsen"},"content":{"rendered":"\t<section class=\"block hero default\" style=\"background-image: url(https:\/\/www.atta45.se\/e-butik\/wp-content\/uploads\/sites\/1\/2024\/12\/Blue_TopBanner_2024_A-scaled.jpg);\">\r\n\t\t<div class=\"hero--inner editor_content white\">\r\n\t\t\t<h1 style=\"text-align: center\">Om webbplatsen<\/h1>\n\t\t<\/div>\r\n\t<\/section>\r\n\n\n<section class=\"content-block block container-fluid bg--white\">\r\n\t    \t\t<div class=\"row justify-content-center content-block--row\">\r\n\t<div class=\"col-lg-8 col-md-10 col-12 editor_content\">\r\n\t\t<p><strong>UPPHOVSR\u00c4TT OCH VARUM\u00c4RKEN<\/strong><br \/>\nInneh\u00e5llet p\u00e5 \u00c5tta.45:s E-butik \u00e4r upphovsr\u00e4ttsligt skyddat och tillh\u00f6r \u00c5tta.45 Tryckeri AB eller dess licensgivare eller samarbetspartners, alternativt har \u00c5tta.45 Tryckeri AB innehavarens tillst\u00e5nd att nyttja materialet. Detta inneb\u00e4r att varken lagring, kopiering, m\u00e5ngfaldigande eller annat nyttjande av t ex texter, grafik, logotyper, symboler, bilder, foton eller programvara f\u00e5r ske utan \u00c5tta.45 Tryckeri AB:s f\u00f6reg\u00e5ende och skriftliga godk\u00e4nnande.<\/p>\n<p>Alla k\u00e4nnetecken som f\u00f6rekommer p\u00e5 \u00c5tta.45:s E-butik tillh\u00f6r \u00c5tta.45 Tryckeri AB, dess licensgivare, leverant\u00f6rer eller samarbetspartner om inte annat framg\u00e5r.<\/p>\n<p>&nbsp;<\/p>\n<p><strong>R\u00c4TTSLIGT F\u00d6RBEH\u00c5LL<\/strong><br \/>\nInneh\u00e5llet p\u00e5 \u00c5tta.45:s E-butik tillhandah\u00e5lls i befintligt skick och \u00c5tta.45 Tryckeri AB kan inte garantera att det \u00e4r korrekt eller fullst\u00e4ndigt.<\/p>\n<p>\u00c5tta.45 Tryckeri AB ansvarar inte f\u00f6r skada eller f\u00f6rlust, oavsett om den \u00e4r direkt eller indirekt, som f\u00f6ranletts av inneh\u00e5llet p\u00e5 \u00c5tta.45:s E-butik eller av att inneh\u00e5llet inte \u00e4r anv\u00e4ndbart eller \u00e5tkomligt. \u00c5tta.45 Tryckeri AB ansvarar inte heller f\u00f6r inneh\u00e5llet p\u00e5 sidor som det l\u00e4nkas till fr\u00e5n \u00c5tta.45:s E-butik.<\/p>\n<p><strong>\u00a0<\/strong><\/p>\n<p><strong>ANV\u00c4NDNING AV \u00c5TTA.45:S E-BUTIK<\/strong><br \/>\nUt\u00f6ver ovanst\u00e5ende g\u00e4ller att du inte f\u00e5r anv\u00e4nda \u00c5tta.45:s E-butik:<\/p>\n<p>\u2013 I bedr\u00e4gligt syfte eller inom ramen f\u00f6r kriminella aktiviteter eller annan otill\u00e5ten verksamhet.<br \/>\n\u2013 F\u00f6r att skicka, anv\u00e4nda eller \u00e5teranv\u00e4nda material som \u00e4r otill\u00e5tet, anst\u00f6tligt, \u00e4rekr\u00e4nkande, motbjudande eller hotfullt.<br \/>\n\u2013 F\u00f6r att g\u00f6ra intr\u00e5ng i upphovsr\u00e4tt, varum\u00e4rken, f\u00f6rtrolig information eller andra r\u00e4ttigheter, eller till n\u00e5got som p\u00e5 annat s\u00e4tt \u00e4r skadligt f\u00f6r tredje part eller \u00e4r f\u00f6rkastligt.<br \/>\n\u2013 Till n\u00e5got som best\u00e5r av eller inneh\u00e5ller virus, politiska uttalanden, kommersiella yttranden, kedjebrev, mass-e-post eller spam.<br \/>\n\u2013 F\u00f6r att orsaka obehag, ol\u00e4genhet eller on\u00f6dig oro.<\/p>\n\t<\/div>\r\n<\/div>    \t<\/section>\r\n","protected":false},"excerpt":{"rendered":"","protected":false},"author":9,"featured_media":0,"parent":0,"menu_order":0,"comment_status":"closed","ping_status":"closed","template":"","meta":{"_acf_changed":false,"_seopress_robots_primary_cat":"","_seopress_titles_title":"","_seopress_titles_desc":"","_seopress_robots_index":"","footnotes":""},"class_list":["post-1993","page","type-page","status-publish","hentry"],"acf":[],"_links":{"self":[{"href":"https:\/\/www.atta45.se\/e-butik\/wp-json\/wp\/v2\/pages\/1993","targetHints":{"allow":["GET"]}}],"collection":[{"href":"https:\/\/www.atta45.se\/e-butik\/wp-json\/wp\/v2\/pages"}],"about":[{"href":"https:\/\/www.atta45.se\/e-butik\/wp-json\/wp\/v2\/types\/page"}],"author":[{"embeddable":true,"href":"https:\/\/www.atta45.se\/e-butik\/wp-json\/wp\/v2\/users\/9"}],"replies":[{"embeddable":true,"href":"https:\/\/www.atta45.se\/e-butik\/wp-json\/wp\/v2\/comments?post=1993"}],"version-history":[{"count":59,"href":"https:\/\/www.atta45.se\/e-butik\/wp-json\/wp\/v2\/pages\/1993\/revisions"}],"predecessor-version":[{"id":104961,"href":"https:\/\/www.atta45.se\/e-butik\/wp-json\/wp\/v2\/pages\/1993\/revisions\/104961"}],"wp:attachment":[{"href":"https:\/\/www.atta45.se\/e-butik\/wp-json\/wp\/v2\/media?parent=1993"}],"curies":[{"name":"wp","href":"https:\/\/api.w.org\/{rel}","templated":true}]}}