{"id":1821,"date":"2019-12-16T16:33:22","date_gmt":"2019-12-16T15:33:22","guid":{"rendered":"https:\/\/flipptryck.a-demo.se\/?page_id=1821"},"modified":"2024-12-27T17:41:24","modified_gmt":"2024-12-27T16:41:24","slug":"personuppgiftsbehandling","status":"publish","type":"page","link":"https:\/\/www.atta45.se\/e-butik\/personuppgiftsbehandling\/","title":{"rendered":"Personuppgiftsbehandling"},"content":{"rendered":"\t<section class=\"block hero default\" style=\"background-image: url(https:\/\/www.atta45.se\/e-butik\/wp-content\/uploads\/sites\/1\/2024\/12\/Blue_TopBanner_2024_A-scaled.jpg);\">\r\n\t\t<div class=\"hero--inner editor_content white\">\r\n\t\t\t<h1 style=\"text-align: center\">Personuppgiftsbehandling<\/h1>\n\t\t<\/div>\r\n\t<\/section>\r\n\n\n<section class=\"content-block block container-fluid bg--white\">\r\n\t    \t\t<div class=\"row justify-content-center content-block--row\">\r\n\t<div class=\"col-lg-8 col-md-10 col-12 editor_content\">\r\n\t\t<h5 style=\"text-align: left\">Som privatperson l\u00e4mnar du genom att acceptera Villkoren ditt samtycke till \u00c5tta.45 Tryckeri AB:s personuppgiftsbehandling.<\/h5>\n<p>&nbsp;<\/p>\n<p>P\u00e5 \u00c5tta.45:s E-butik behandlar \u00c5tta.45 Tryckeri AB (\u00e5tta.45) namn-, e-mejl-, adress och andra uppgifter du som privatperson uppgivit vid registrering eller best\u00e4llning, i f\u00f6rekommande fall personnummer. \u00c5tta.45 Tryckeri AB behandlar vidare uppgifter om din best\u00e4llning och k\u00f6p. Syftet med behandlingen \u00e4r att kunna fullg\u00f6ra avtalet med dig, f\u00f6r information, marknadsf\u00f6ring och personliga erbjudanden via exempelvis e-post eller brev samt statistik och aff\u00e4rsutveckling.<\/p>\n<p>Personuppgifterna behandlas under den tid du har en relation med\u00a0\u00c5tta.45 Tryckeri AB\u00a0samt under en tid d\u00e4refter d\u00e5 du kan komma att \u00e5terkomma med fr\u00e5gor och liknande avseende best\u00e4llning eller leverans.<\/p>\n<p>Du kan anm\u00e4la till \u00c5tta.45 Tryckeri AB att dina personuppgifter inte ska f\u00e5 anv\u00e4ndas f\u00f6r marknadsf\u00f6rings\u00e4ndam\u00e5l. Om du vill avsluta din relation med \u00c5tta.45 direkt efter k\u00f6p och leverans tar \u00c5tta.45 Tryckeri AB tacksamt emot information om detta. F\u00f6r r\u00e4ttelse av felaktig personuppgift h\u00e4nvisas till <a href=\"mailto:ebutiken.support@atta45.se\">ebutiken.support@atta45.se<\/a><\/p>\n<p>Du har r\u00e4tt att en g\u00e5ng per kalender\u00e5r skriftligen ans\u00f6ka om information avseende de personuppgifter som behandlas.<\/p>\n<p>Som privatperson l\u00e4mnar du genom att acceptera Villkoren ditt samtycke till\u00a0\u00c5tta.45 Tryckeri AB:s personuppgiftsbehandling s\u00e5 som den beskrivs ovan.<\/p>\n\t<\/div>\r\n<\/div>    \t<\/section>\r\n","protected":false},"excerpt":{"rendered":"","protected":false},"author":9,"featured_media":0,"parent":0,"menu_order":0,"comment_status":"closed","ping_status":"closed","template":"","meta":{"_acf_changed":false,"_seopress_robots_primary_cat":"","_seopress_titles_title":"","_seopress_titles_desc":"","_seopress_robots_index":"","footnotes":""},"class_list":["post-1821","page","type-page","status-publish","hentry"],"acf":[],"_links":{"self":[{"href":"https:\/\/www.atta45.se\/e-butik\/wp-json\/wp\/v2\/pages\/1821","targetHints":{"allow":["GET"]}}],"collection":[{"href":"https:\/\/www.atta45.se\/e-butik\/wp-json\/wp\/v2\/pages"}],"about":[{"href":"https:\/\/www.atta45.se\/e-butik\/wp-json\/wp\/v2\/types\/page"}],"author":[{"embeddable":true,"href":"https:\/\/www.atta45.se\/e-butik\/wp-json\/wp\/v2\/users\/9"}],"replies":[{"embeddable":true,"href":"https:\/\/www.atta45.se\/e-butik\/wp-json\/wp\/v2\/comments?post=1821"}],"version-history":[{"count":55,"href":"https:\/\/www.atta45.se\/e-butik\/wp-json\/wp\/v2\/pages\/1821\/revisions"}],"predecessor-version":[{"id":104960,"href":"https:\/\/www.atta45.se\/e-butik\/wp-json\/wp\/v2\/pages\/1821\/revisions\/104960"}],"wp:attachment":[{"href":"https:\/\/www.atta45.se\/e-butik\/wp-json\/wp\/v2\/media?parent=1821"}],"curies":[{"name":"wp","href":"https:\/\/api.w.org\/{rel}","templated":true}]}}