{"id":1812,"date":"2019-12-16T16:22:01","date_gmt":"2019-12-16T15:22:01","guid":{"rendered":"https:\/\/flipptryck.a-demo.se\/?page_id=1812"},"modified":"2024-12-27T17:40:48","modified_gmt":"2024-12-27T16:40:48","slug":"kopvillkor","status":"publish","type":"page","link":"https:\/\/www.atta45.se\/e-butik\/kopvillkor\/","title":{"rendered":"K\u00f6pvillkor"},"content":{"rendered":"\t<section class=\"block hero default\" style=\"background-image: url(https:\/\/www.atta45.se\/e-butik\/wp-content\/uploads\/sites\/1\/2024\/12\/Blue_TopBanner_2024_A-scaled.jpg);\">\r\n\t\t<div class=\"hero-overlay\" style=\"background-color: \"><\/div>\r\n\t\t<div class=\"hero--inner editor_content white \" style=\"color: \">\r\n\t\t\t<h1 style=\"text-align: center\">K\u00f6pvillkor<\/h1>\n\t\t<\/div>\r\n\t<\/section>\r\n\n\n<section class=\"content-block block container-fluid bg--white\">\r\n\t    \t\t<div class=\"row justify-content-center content-block--row\">\r\n\t<div class=\"col-lg-8 col-md-10 col-12 editor_content\">\r\n\t\t<p><strong>Allm\u00e4nt<\/strong><br \/>\n\u00c5tta.45 Tryckeri AB tillhandah\u00e5ller trycktj\u00e4nster via Internet till dess kunder i Sverige. Kund kan vara privatperson, f\u00f6reningar, f\u00f6retag eller organisationer (gemensamt \u201dKund\u201d). F\u00f6rs\u00e4ljning sker via webbplatsen \u00c5tta.45:s E-butik. F\u00f6r best\u00e4llningar, k\u00f6p och leverans genom andra kanaler \u00e4n \u00c5tta.45:s E-butik g\u00e4ller s\u00e4rskilda villkor. Genom att slutf\u00f6ra en best\u00e4llning i E-butiken accepterar Kund Villkoren samt, i f\u00f6rekommande fall personuppgiftsbehandling enligt Villkoren. \u00c5tta.45 Tryckeri AB \u00e4ger r\u00e4tt att ta ut avg\u00e5ngsexemplar samt plikt- och arkivexemplar enligt ALG 20.<\/p>\n<p>&nbsp;<\/p>\n<p><strong>Priser och avgifter<\/strong><br \/>\nAktuella priser exkl moms framg\u00e5r i \u00c5tta.45:s E-butik vid best\u00e4llning. \u00c5tta.45 Tryckeri AB f\u00f6rbeh\u00e5ller sig r\u00e4tten att \u00e4ndra sina priser utan f\u00f6reg\u00e5ende avisering. Moms tillkommer med 25 %. Fraktavgift p\u00e5 100 kronor per best\u00e4llning tillkommer. Aktuell fraktavgift framg\u00e5r i \u00c5tta.45:s E-butik vid best\u00e4llning.<\/p>\n<p>&nbsp;<\/p>\n<p><strong>Best\u00e4llning och avbest\u00e4llning<\/strong><br \/>\nBest\u00e4llning kan endast g\u00f6ras p\u00e5 \u00c5tta.45:s E-butik s\u00e5vida inte s\u00e4rskild \u00f6verenskommelse tr\u00e4ffats med \u00c5tta.45 Tryckeri AB. Bindande avtal uppkommer n\u00e4r Kund slutf\u00f6r en best\u00e4llning i E-butiken. N\u00e4r Kund har genomf\u00f6rt en best\u00e4llning s\u00e4nds en orderbekr\u00e4ftelse till den e-mejladress som Kunden angivit. Kund kan stoppa best\u00e4llning om kontakt tas med \u00e5tta.45 p\u00e5 08-55 77 36 00 eller <a href=\"mailto:ebutiken.support@atta45.se\">ebutiken.support@atta45.se<\/a> innan \u00c5tta.45 Tryckeri AB p\u00e5b\u00f6rjat tryckning av best\u00e4llningen.<\/p>\n<p>&nbsp;<\/p>\n<p><strong>Betalning<\/strong><br \/>\nBetalning kan ske enligt faktura eller med VISA, MasterCard eller Swish. Vid fakturabetalning s\u00e4nds denna till Kunds folkbokf\u00f6ringsadress (fysisk person) alternativt registrerade postadress (f\u00f6retag eller organisation). Betalningsvillkor \u00e4r trettio (30) dagar. Vid f\u00f6rsenad eller utebliven betalning tillkommer dr\u00f6jsm\u00e5lsr\u00e4nta p\u00e5 2 % per m\u00e5nad samt ers\u00e4ttning f\u00f6r skriftlig betalningsp\u00e5minnelse med det belopp som anges i lag (1981:739) om ers\u00e4ttning f\u00f6r inkassokostnader mm, eller lag som ers\u00e4tter denna. Vid k\u00f6ptillf\u00e4llet g\u00f6rs en kreditpr\u00f6vning som i vissa fall inneb\u00e4r att en kreditupplysning tas. Tas en kreditupplysning kommer en kopia att skickas till Kund.<\/p>\n<p>Betalning med kort hanteras av Swedbank Pay.<\/p>\n<p>&nbsp;<\/p>\n<p><strong>Leverans<\/strong><br \/>\nLeverans anses ske n\u00e4r Kunds best\u00e4llning l\u00e4mnar \u00c5tta.45 Tryckeri AB. Leverans sker normalt med DHL. G\u00e4llande alternativ f\u00f6r aktuell best\u00e4llning framg\u00e5r av E-butiken. \u00c5tta.45 Tryckeri AB ansvarar f\u00f6r varorna vid leverans till Kund. Kund ansvarar f\u00f6r varorna vid retur till \u00c5tta.45 Tryckeri AB. Om Kund inte h\u00e4mtar ut f\u00f6rs\u00e4ndelse, inte tar emot f\u00f6rs\u00e4ndelse eller f\u00f6rs\u00e4ndelse g\u00e5r i retur p\u00e5 grund av felregistrerade uppgifter tar \u00c5tta.45 Tryckeri AB ut en avgift som ers\u00e4ttning f\u00f6r frakt och omkostnader, f\u00f6r n\u00e4rvarande femhundra (500) kronor.<\/p>\n<p>&nbsp;<\/p>\n<p><strong>Upphovsr\u00e4tt<\/strong><br \/>\nKund \u00e4r ensamt ansvarig f\u00f6r att best\u00e4llning och leverans baserade p\u00e5 Kunds original inte utg\u00f6r intr\u00e5ng i tredje mans upphovs- eller annan immaterialr\u00e4tt. Kund ska h\u00e5lla \u00c5tta.45 Tryckeri AB skadesl\u00f6s f\u00f6r eventuella krav fr\u00e5n tredje man till f\u00f6ljd av utf\u00f6rande av best\u00e4llning fr\u00e5n Kund.<\/p>\n<p>&nbsp;<\/p>\n<p><strong>Reklamation<\/strong><br \/>\nOm \u00c5tta.45 Tryckeri AB levererat en felaktigt eller bristf\u00e4lligt utf\u00f6rd tj\u00e4nst, resultatet av tj\u00e4nsten skadats under transport eller om f\u00f6rs\u00e4ndelsen f\u00f6rsvunnit under transporten ska Kund reklamera skriftligen till \u00c5tta.45 Tryckeri AB som d\u00e5 hanterar reklamationen. Reklamation ska ske inom sk\u00e4lig tid fr\u00e5n det att felet eller bristen uppt\u00e4cktes eller borde ha uppt\u00e4ckts. Av reklamation ska framg\u00e5 typ av fel. I f\u00f6rh\u00e5llande till Kund som \u00e4r privatperson kommer reklamationen att bed\u00f6mas enligt konsumenttj\u00e4nstlagen (1985:716).<\/p>\n<p>&nbsp;<\/p>\n<p><strong>Ansvar<\/strong><br \/>\nKund ansvarar sj\u00e4lv f\u00f6r kvaliteten p\u00e5 det original som best\u00e4llning baseras p\u00e5 och dess anpassning till den tj\u00e4nst Kund best\u00e4ller. Kund f\u00f6rklarar sig inf\u00f6rst\u00e5dd med att det kommer att f\u00f6religga skillnad i f\u00e4rg mellan originalet visat p\u00e5 sk\u00e4rm och i tryckt form. Ut\u00f6ver vad som framg\u00e5r av Villkoren och, f\u00f6r Kund som \u00e4r privatperson konsumenttj\u00e4nstlagen, har \u00c5tta.45 Tryckeri AB inget ansvar f\u00f6r fel, brister eller f\u00f6rseningar. \u00c5tta.45 Tryckeri AB ansvarar varken f\u00f6r direkt eller indirekt skada. \u00c5tta.45 Tryckeri AB reserverar sig f\u00f6r eventuella fel i \u00c5tta.45:s E-butik.<\/p>\n<p>&nbsp;<\/p>\n<p><strong>\u00c4ndring av villkoren<\/strong><br \/>\nVid var tid g\u00e4llande Villkor framg\u00e5r av \u00c5tta.45:s E-butik. \u00c5tta.45 Tryckeri AB har r\u00e4tt att \u00e4ndra Villkoren p\u00e5 eget initiativ. Efter att Kund gjort best\u00e4llning \u00e4ger \u00c5tta.45 Tryckeri AB inte r\u00e4tt att \u00e4ndra f\u00f6ruts\u00e4ttningarna f\u00f6r aktuell best\u00e4llning.<\/p>\n<p>&nbsp;<\/p>\n<p><strong>Personuppgiftsbehandling<\/strong><br \/>\n\u00c5tta.45 Tryckeri AB behandlar namn-, e-mejl-, adress och andra uppgifter Kund som \u00e4r privatperson uppgivit vid registrering eller best\u00e4llning, vid fakturabetalning \u00e4ven personnummer. \u00c5tta.45 Tryckeri AB behandlar vidare uppgifter om s\u00e5dan Kunds best\u00e4llning och k\u00f6p. Syftet med behandlingen \u00e4r att kunna fullg\u00f6ra avtalet med Kund, f\u00f6r information, marknadsf\u00f6ring och personliga erbjudanden till Kund via exempelvis e-post eller brev samt statistik och aff\u00e4rsutveckling.<br \/>\nPersonuppgifterna behandlas under den tid Kund har en relation med \u00c5tta.45 Tryckeri AB samt under en tid d\u00e4refter d\u00e5 Kund kan komma att \u00e5terkomma med fr\u00e5gor och liknande avseende best\u00e4llning eller leverans.<\/p>\n<p>Kund kan anm\u00e4la till \u00c5tta.45 Tryckeri AB att hens personuppgifter inte ska f\u00e5 anv\u00e4ndas f\u00f6r marknadsf\u00f6rings\u00e4ndam\u00e5l. Om Kund vill avsluta sin relation med \u00c5tta.45 Tryckeri AB direkt efter k\u00f6p och leverans tar \u00c5tta.45 Tryckeri AB tacksamt emot information om detta. F\u00f6r r\u00e4ttelse av felaktig personuppgift h\u00e4nvisas till butiken@atta45.se. Kund har r\u00e4tt att en g\u00e5ng per kalender\u00e5r skriftligen ans\u00f6ka om information avseende de personuppgifter som behandlas. Kund som \u00e4r privatperson l\u00e4mnar genom att acceptera Villkoren sitt samtycke till \u00c5tta.45 Tryckeri AB:s personuppgiftsbehandling s\u00e5 som den beskrivs ovan.<\/p>\n<p>&nbsp;<\/p>\n<p><strong>Cookies<\/strong><br \/>\nEn cookie \u00e4r en liten textfil som bes\u00f6kt webbplats beg\u00e4r att f\u00e5 spara p\u00e5 Kunds dator. Cookies anv\u00e4nds f\u00f6r att ge bes\u00f6kare tillg\u00e5ng till olika funktioner, informationen kan ocks\u00e5 anv\u00e4ndas f\u00f6r att f\u00f6lja en bes\u00f6kares surfande. Det finns olika typer av cookies. I\u00c5tta.45:s E-butik anv\u00e4nds cookies som Kund m\u00e5ste till\u00e5ta f\u00f6r att kunna anv\u00e4nda \u00c5tta.45:s E-butik. Kund godk\u00e4nner nedanst\u00e5ende cookiehantering genom att bes\u00f6ka \u00c5tta.45:s E-butik. I \u00c5tta.45:s E-butik anv\u00e4nds autentiseringscookies, som h\u00e5ller reda p\u00e5 vad bes\u00f6kare \u00e4r inloggade som, och sessionscookies, som lagrar ett unikt id f\u00f6r bes\u00f6ket i \u00c5tta.45:s E-butik. Cookies i \u00c5tta.45:s E-butik anv\u00e4nds f\u00f6r att identifiera Kunds kundvagn, spara information om Kund i en best\u00e4llning, f\u00f6r att f\u00f6ra statistik \u00f6ver bes\u00f6kare i \u00c5tta.45:s E-butik och f\u00f6r att visa annonser i \u00c5tta.45:s E-butik och p\u00e5 andra webbplatser. Autentiseringscookien f\u00f6rsvinner senast tv\u00e5 (2) timmar efter att webbl\u00e4saren st\u00e4ngts, f\u00f6rutom om bes\u00f6karen valt att forts\u00e4tta vara inloggad. Sessionscookien f\u00f6rsvinner vid inaktivitet eller n\u00e4r webbl\u00e4saren st\u00e4ngs.<\/p>\n<p>&nbsp;<\/p>\n<p><strong>Tvist<\/strong><br \/>\nSvensk r\u00e4tt till\u00e4mpas p\u00e5 samtliga tj\u00e4nster \u00c5tta.45 Tryckeri AB tillhandah\u00e5ller och s\u00e4ljer. Eventuella tvister med Kund som \u00e4r juridisk person pr\u00f6vas av svensk allm\u00e4n domstol. Eventuella tvister med Kund som \u00e4r privatperson h\u00e4nvisar \u00c5tta.45 Trycker AB till Allm\u00e4nna Reklamationsn\u00e4mnden (ARN), \u00c5tta.45 Tryckeri AB f\u00f6ljer ARN:s rekommendationer.<\/p>\n\t<\/div>\r\n<\/div>    \t<\/section>\r\n","protected":false},"excerpt":{"rendered":"","protected":false},"author":9,"featured_media":0,"parent":0,"menu_order":0,"comment_status":"closed","ping_status":"closed","template":"","meta":{"_acf_changed":false,"_seopress_robots_primary_cat":"","_seopress_titles_title":"V\u00e5ra k\u00f6pvillkor - \u00c5tta.45 E-butik","_seopress_titles_desc":"Allm\u00e4nna k\u00f6pevillkor i v\u00e5r E-Butik.","_seopress_robots_index":"","footnotes":""},"class_list":["post-1812","page","type-page","status-publish","hentry"],"acf":[],"_links":{"self":[{"href":"https:\/\/www.atta45.se\/e-butik\/wp-json\/wp\/v2\/pages\/1812","targetHints":{"allow":["GET"]}}],"collection":[{"href":"https:\/\/www.atta45.se\/e-butik\/wp-json\/wp\/v2\/pages"}],"about":[{"href":"https:\/\/www.atta45.se\/e-butik\/wp-json\/wp\/v2\/types\/page"}],"author":[{"embeddable":true,"href":"https:\/\/www.atta45.se\/e-butik\/wp-json\/wp\/v2\/users\/9"}],"replies":[{"embeddable":true,"href":"https:\/\/www.atta45.se\/e-butik\/wp-json\/wp\/v2\/comments?post=1812"}],"version-history":[{"count":66,"href":"https:\/\/www.atta45.se\/e-butik\/wp-json\/wp\/v2\/pages\/1812\/revisions"}],"predecessor-version":[{"id":104959,"href":"https:\/\/www.atta45.se\/e-butik\/wp-json\/wp\/v2\/pages\/1812\/revisions\/104959"}],"wp:attachment":[{"href":"https:\/\/www.atta45.se\/e-butik\/wp-json\/wp\/v2\/media?parent=1812"}],"curies":[{"name":"wp","href":"https:\/\/api.w.org\/{rel}","templated":true}]}}