{"id":1797,"date":"2019-12-16T15:34:21","date_gmt":"2019-12-16T14:34:21","guid":{"rendered":"https:\/\/flipptryck.a-demo.se\/?page_id=1797"},"modified":"2024-08-28T08:24:47","modified_gmt":"2024-08-28T06:24:47","slug":"frakt-och-leveranser","status":"publish","type":"page","link":"https:\/\/www.atta45.se\/e-butik\/frakt-och-leveranser\/","title":{"rendered":"Frakt och leveranser"},"content":{"rendered":"\n\n<section class=\"content-block block container-fluid bg--white\">\r\n\t    \t\t<div class=\"row justify-content-center content-block--row\">\r\n\t<div class=\"col-lg-8 col-md-10 col-12 editor_content\">\r\n\t\t<h5><span style=\"color: #0097d4\">Hur levereras min trycksak?<\/span><\/h5>\n<p><span style=\"color: #000000\"><em>Vi skickar alla best\u00e4llningar med DHL<br \/>\n<\/em><\/span><\/p>\n<p><span style=\"color: #000000\"><em>Till privatpersoner levereras varorna till utl\u00e4mningsst\u00e4lle (MyPack) n\u00e4rmast er adress. Du f\u00e5r en avisering d\u00e4r det framg\u00e5r vad som g\u00e4ller i ditt fall.\u00a0M\u00f6jligheten f\u00f6r leverans hem till d\u00f6rren finns ocks\u00e5 (Hempaket) och d\u00e5 levereras paketet\/en (upp till 20 kg\/paket) hem till dig p\u00e5 dag-eller kv\u00e4llstid efter \u00f6verenskommelse med Posten. Viktigt att t\u00e4nka p\u00e5 i b\u00e5da fallen \u00e4r att man m\u00e5ste fylla i mobilnummer, f\u00f6r avisering.<\/em><\/span><\/p>\n<h5><span style=\"color: #0097d4\">Kan jag h\u00e4mta upp min upplaga p\u00e5 tryckeriet?<\/span><\/h5>\n<p><span style=\"color: #000000\">Detta alternativ finns f\u00f6r tillf\u00e4llet inte tillg\u00e4ngligt via E-butiken.<br \/>\n<\/span><\/p>\n<h5><span style=\"color: #0097d4\">Hur hanteras transportskador?<\/span><\/h5>\n<p><span style=\"color: #000000\"><em>Om n\u00e5gon kartong ser skadad ut, anm\u00e4l det d\u00e5 till personen som levererar. Denne f\u00e5r d\u00e5 g\u00f6ra en anteckning om detta innan ni skriver p\u00e5 mottagandet. Anm\u00e4ls ej skadat gods vid leverans \u00e4r det sv\u00e5rt att f\u00e5 kompensation f\u00f6r detta fr\u00e5n spedit\u00f6ren. Det \u00e4r Du som k\u00f6pare som \u00e4r ansvarig f\u00f6r att anm\u00e4la ev. skadat gods till spedit\u00f6ren. Om \u00f6verenskommelse med fraktbolag ej kan n\u00e5s kontaktar ni oss omg\u00e5ende.\u00a0Vi ansvarar dock inte f\u00f6r eventuella transportskador.<\/em><\/span><\/p>\n<h5><span style=\"color: #0097d4\">Hur hanteras returer?<\/span><\/h5>\n<p><span style=\"color: #000000\"><em>Mottages ej utan godk\u00e4nd reklamation. <a href=\"mailto:ebutiken.support@atta45.se\">Kontakta oss<\/a>\u00a0alltid innan retur. Kund ansvarar f\u00f6r eventuell fraktkostnad vid returnering av paket.\u00a0Reklamation ska ske inom 5 arbetsdagar<\/em><\/span><br \/>\n<span style=\"color: #000000\"><em>efter leverans f\u00f6r att kunna anses som giltig. Kontakt och \u00f6verenskommelse med kundtj\u00e4nst ska alltid ske innan eventuell retur. Vi ansvarar ej f\u00f6r eventuella f\u00f6rluster p.g.a. f\u00f6rsenad leverans.<\/em><\/span><\/p>\n<h5><span style=\"color: #0097d4\">Kan leverans ske till flera olika adresser?<\/span><\/h5>\n<p>I dagsl\u00e4get kan du endast ange en leverans adress.<\/p>\n<h5><span style=\"color: #0097d4\">Hur l\u00e5ng tid tar det tills jag f\u00e5r mina varor?<\/span><\/h5>\n<p><em>Dina varor levereras fr\u00e5n tryckeriet p\u00e5 angiven leveransdag. Sen tillkommer 1-2 arbetsdagar f\u00f6r transport.<br \/>\n<\/em><\/p>\n<h5><span style=\"color: #0097d4\">Varf\u00f6r har mina trycksaker inte kommit?<\/span><\/h5>\n<p><em><a href=\"mailto:ebutiken.support@atta45.se\">Kontakta oss<\/a>\u00a0s\u00e5 \u00e5terkommer vi med leveransbesked.<\/em><\/p>\n<h5><span style=\"color: #0097d4\">Hur kommer mina trycksaker att vara f\u00f6rpackade?<\/span><\/h5>\n<p><em>Alla trycksaker levereras i kartonger med \u00c5tta.45 logotyp.<\/em><\/p>\n\t<\/div>\r\n<\/div>    \t<\/section>\r\n","protected":false},"excerpt":{"rendered":"","protected":false},"author":9,"featured_media":5683,"parent":0,"menu_order":0,"comment_status":"closed","ping_status":"closed","template":"","meta":{"_acf_changed":false,"_seopress_robots_primary_cat":"","_seopress_titles_title":"Frakt och leveranser - \u00c5tta.45 E-butik","_seopress_titles_desc":"H\u00e4r hittar du information om frakt och leveranser.","_seopress_robots_index":"","footnotes":""},"class_list":["post-1797","page","type-page","status-publish","has-post-thumbnail","hentry"],"acf":[],"_links":{"self":[{"href":"https:\/\/www.atta45.se\/e-butik\/wp-json\/wp\/v2\/pages\/1797","targetHints":{"allow":["GET"]}}],"collection":[{"href":"https:\/\/www.atta45.se\/e-butik\/wp-json\/wp\/v2\/pages"}],"about":[{"href":"https:\/\/www.atta45.se\/e-butik\/wp-json\/wp\/v2\/types\/page"}],"author":[{"embeddable":true,"href":"https:\/\/www.atta45.se\/e-butik\/wp-json\/wp\/v2\/users\/9"}],"replies":[{"embeddable":true,"href":"https:\/\/www.atta45.se\/e-butik\/wp-json\/wp\/v2\/comments?post=1797"}],"version-history":[{"count":25,"href":"https:\/\/www.atta45.se\/e-butik\/wp-json\/wp\/v2\/pages\/1797\/revisions"}],"predecessor-version":[{"id":14855,"href":"https:\/\/www.atta45.se\/e-butik\/wp-json\/wp\/v2\/pages\/1797\/revisions\/14855"}],"wp:featuredmedia":[{"embeddable":true,"href":"https:\/\/www.atta45.se\/e-butik\/wp-json\/wp\/v2\/media\/5683"}],"wp:attachment":[{"href":"https:\/\/www.atta45.se\/e-butik\/wp-json\/wp\/v2\/media?parent=1797"}],"curies":[{"name":"wp","href":"https:\/\/api.w.org\/{rel}","templated":true}]}}