{"id":1441,"date":"2019-11-04T10:37:00","date_gmt":"2019-11-04T09:37:00","guid":{"rendered":"https:\/\/flipptryck.a-demo.se\/?page_id=1441"},"modified":"2025-05-23T11:38:58","modified_gmt":"2025-05-23T09:38:58","slug":"mallar","status":"publish","type":"page","link":"https:\/\/www.atta45.se\/e-butik\/mallar\/","title":{"rendered":"Mallar"},"content":{"rendered":"<section class=\"content-block block container-fluid bg--white\">\r\n\t    \t\t<div class=\"row justify-content-center content-block--row\">\r\n\t<div class=\"col-lg-8 col-md-10 col-12 editor_content\">\r\n\t\t<h1 style=\"text-align: center\">H\u00e4r kan du ladda ner dokumentmallar<\/h1>\n<h5 style=\"text-align: center\">Anv\u00e4nd v\u00e5ra mallar n\u00e4r du skapar original f\u00f6r tryck. Det sparar b\u00e5de tid och pengar om vi f\u00e5r tryckf\u00e4rdiga dokument som inte beh\u00f6ver \u00e4ndras.<\/h5>\n\t<\/div>\r\n<\/div>    \t<\/section>\r\n\n\n\n\n<section class=\"content-block block bg--lightGray\">\r\n\t\t<div class=\"container-fluid\">\r\n\t    \t\t<div class=\"row justify-content-start content-block--row content-block--three\">\r\n\t\t<div class=\"col-md-6 col-lg-4 col-sm-6 col-12 editor_content\">\r\n\t\t<h3 class=\"templates-title\">Trycksaker<\/h3>\n<ul class=\"templates\">\n<li class=\"templates--item\"><a href=\"https:\/\/www.atta45.se\/e-butik\/wp-content\/uploads\/sites\/1\/2020\/01\/MALLAR_AFFISCH.zip\" rel=\"nofollow\" download><i class=\"fas fa-arrow-to-bottom\"><\/i><span>Affisch<\/span><\/a><\/li>\n<li class=\"templates--item\"><a href=\"https:\/\/www.atta45.se\/e-butik\/wp-content\/uploads\/sites\/1\/2020\/01\/MALLAR_BLAD_FLYER.zip\" rel=\"nofollow\" download><i class=\"fas fa-arrow-to-bottom\"><\/i><span>Blad\/Flyer<\/span><\/a><\/li>\n<li class=\"templates--item\"><a href=\"https:\/\/www.atta45.se\/e-butik\/wp-content\/uploads\/sites\/1\/2022\/09\/MALLAR_Bordsmeny_Prisma.zip\" rel=\"nofollow\" download><i class=\"fas fa-arrow-to-bottom\"><\/i><span>Bordsmeny Prisma<\/span><\/a><\/li>\n<li class=\"templates--item\"><a href=\"https:\/\/www.atta45.se\/e-butik\/wp-content\/uploads\/sites\/1\/2025\/04\/BREVFORPACKNING_2025_MALL.zip\" rel=\"nofollow\" download><i class=\"fas fa-arrow-to-bottom\"><\/i><span>Brevf\u00f6rpackning A5<\/span><\/a><\/li>\n<li class=\"templates--item\"><a href=\"https:\/\/www.atta45.se\/e-butik\/wp-content\/uploads\/sites\/1\/2020\/01\/MALLAR_BROSCHYR_2023.zip\" rel=\"nofollow\" download><i class=\"fas fa-arrow-to-bottom\"><\/i><span>Broschyr<\/span><\/a><\/li>\n<li class=\"templates--item\"><a href=\"https:\/\/www.atta45.se\/e-butik\/wp-content\/uploads\/sites\/1\/2020\/01\/MALLAR_FOLDER.zip\" rel=\"nofollow\" download><i class=\"fas fa-arrow-to-bottom\"><\/i><span>Folder<\/span><\/a><\/li>\n<li class=\"templates--item\"><a href=\"https:\/\/www.atta45.se\/e-butik\/wp-content\/uploads\/sites\/1\/2020\/01\/MALLAR_FOLDER_TWISTERSTALL.zip\" rel=\"nofollow\" download><i class=\"fas fa-arrow-to-bottom\"><\/i><span>Folder till twisterst\u00e4ll<\/span><\/a><\/li>\n<li class=\"templates--item\"><a href=\"https:\/\/www.atta45.se\/e-butik\/wp-content\/uploads\/sites\/1\/2020\/01\/MALLAR_-HYLLVIPPOR.zip\" rel=\"nofollow\" download><i class=\"fas fa-arrow-to-bottom\"><\/i><span>Hyllvippa<\/span><\/a><\/li>\n<li class=\"templates--item\"><a href=\"https:\/\/www.atta45.se\/e-butik\/wp-content\/uploads\/sites\/1\/2023\/11\/MALL_Kartongkuvert.zip\" rel=\"nofollow\" download><i class=\"fas fa-arrow-to-bottom\"><\/i><span>Kartongkuvert<\/span><\/a><\/li>\n<li class=\"templates--item\"><a href=\"https:\/\/www.atta45.se\/e-butik\/wp-content\/uploads\/sites\/1\/2021\/11\/MALLAR_KORRESPONDENSKORT.zip\" rel=\"nofollow\" download><i class=\"fas fa-arrow-to-bottom\"><\/i><span>Korrespondenskort<\/span><\/a><\/li>\n<li class=\"templates--item\"><a href=\"https:\/\/www.atta45.se\/e-butik\/wp-content\/uploads\/sites\/1\/2020\/01\/MALLAR_KUVERT_2020.zip\" rel=\"nofollow\" download><i class=\"fas fa-arrow-to-bottom\"><\/i><span>Kuvert<\/span><\/a><\/li>\n<li class=\"templates--item\"><a href=\"https:\/\/www.atta45.se\/e-butik\/wp-content\/uploads\/sites\/1\/2023\/10\/MALLAR_MAPPAR_2025.zip\" rel=\"nofollow\" download><i class=\"fas fa-arrow-to-bottom\"><\/i><span>Mappar<\/span><\/a><\/li>\n<li class=\"templates--item\"><a href=\"https:\/\/www.atta45.se\/e-butik\/wp-content\/uploads\/sites\/1\/2023\/11\/MALL_Presentkortsask.zip\" rel=\"nofollow\" download><i class=\"fas fa-arrow-to-bottom\"><\/i><span>Presentkortsask<\/span><\/a><\/li>\n<li class=\"templates--item\"><a href=\"https:\/\/www.atta45.se\/e-butik\/wp-content\/uploads\/sites\/1\/2020\/01\/MALLAR_SKYLT_HJARTSTOD.zip\" rel=\"nofollow\" download><i class=\"fas fa-arrow-to-bottom\"><\/i><span>Skylt med hj\u00e4rtst\u00f6d<\/span><\/a><\/li>\n<li class=\"templates--item\"><a href=\"https:\/\/www.atta45.se\/e-butik\/wp-content\/uploads\/sites\/1\/2020\/01\/MALLAR_VISITKORT.zip\" rel=\"nofollow\" download><i class=\"fas fa-arrow-to-bottom\"><\/i><span>Visitkort<\/span><\/a><\/li>\n<li class=\"templates--item\"><a href=\"https:\/\/www.atta45.se\/e-butik\/wp-content\/uploads\/sites\/1\/2021\/11\/MALLAR_VYKORT.zip\" rel=\"nofollow\" download><i class=\"fas fa-arrow-to-bottom\"><\/i><span>Vykort<\/span><\/a><\/li>\n<\/ul>\n\t<\/div>\r\n\t\t<div class=\"col-md-6 col-lg-4 col-sm-6 col-12 editor_content\">\r\n\t\t<h3 class=\"templates-title\">Storformat<\/h3>\n<ul class=\"templates\">\n<li class=\"templates--item\"><a href=\"https:\/\/www.atta45.se\/e-butik\/wp-content\/uploads\/sites\/1\/2020\/01\/MALLAR_4_SCREEN.zip\" rel=\"nofollow\" download><i class=\"fas fa-arrow-to-bottom\"><\/i><span>4 Screen<\/span><\/a><\/li>\n<li class=\"templates--item\"><a href=\"https:\/\/www.atta45.se\/e-butik\/wp-content\/uploads\/sites\/1\/2022\/05\/MALLAR_BEACHFLAG.zip\" rel=\"nofollow\" download><i class=\"fas fa-arrow-to-bottom\"><\/i><span>Beachflagga<\/span><\/a><\/li>\n<li class=\"templates--item\"><a href=\"https:\/\/www.atta45.se\/e-butik\/wp-content\/uploads\/sites\/1\/2020\/01\/MALLAR_BEACHSIGN.zip\" rel=\"nofollow\" download><i class=\"fas fa-arrow-to-bottom\"><\/i><span>Beachsign<\/span><\/a><\/li>\n<li class=\"templates--item\"><a href=\"https:\/\/www.atta45.se\/e-butik\/wp-content\/uploads\/sites\/1\/2020\/01\/MALLAR_DEKALER.zip\" rel=\"nofollow\" download><i class=\"fas fa-arrow-to-bottom\"><\/i><span>Dekal<\/span><\/a><\/li>\n<li class=\"templates--item\"><a href=\"https:\/\/www.atta45.se\/e-butik\/wp-content\/uploads\/sites\/1\/2025\/04\/ELLIPS_2STAND_500X1550_2025.zip\" rel=\"nofollow\" download><i class=\"fas fa-arrow-to-bottom\"><\/i><span>Elipz<\/span><\/a><\/li>\n<li class=\"templates--item\"><a href=\"https:\/\/www.atta45.se\/e-butik\/wp-content\/uploads\/sites\/1\/2020\/01\/MALLAR_FOLDER_TWISTERSTALL.zip\" rel=\"nofollow\" download><i class=\"fas fa-arrow-to-bottom\"><\/i><span>Folder till twisterst\u00e4ll<\/span><\/a><\/li>\n<li class=\"templates--item\"><a href=\"https:\/\/www.atta45.se\/e-butik\/wp-content\/uploads\/sites\/1\/2020\/01\/MALLAR_GOLV.zip\" rel=\"nofollow\" download><i class=\"fas fa-arrow-to-bottom\"><\/i><span>Golv<\/span><\/a><\/li>\n<li class=\"templates--item\"><a href=\"https:\/\/www.atta45.se\/e-butik\/wp-content\/uploads\/sites\/1\/2020\/01\/MALLAR_KUBER_sep24.zip\" rel=\"nofollow\" download><i class=\"fas fa-arrow-to-bottom\"><\/i><span>Kuber<\/span><\/a><\/li>\n<li class=\"templates--item\"><a href=\"https:\/\/www.atta45.se\/e-butik\/wp-content\/uploads\/sites\/1\/2020\/01\/MALLAR_LARMBAGEREKLAM.zip\" rel=\"nofollow\" download><i class=\"fas fa-arrow-to-bottom\"><\/i><span>Larmb\u00e5ge<\/span><\/a><\/li>\n<li class=\"templates--item\"><a href=\"https:\/\/www.atta45.se\/e-butik\/wp-content\/uploads\/sites\/1\/2020\/01\/MALLAR_LJUSLADEFILM.zip\" rel=\"nofollow\" download><i class=\"fas fa-arrow-to-bottom\"><\/i><span>Ljusl\u00e5defilm<\/span><\/a><\/li>\n<li class=\"templates--item\"><a href=\"https:\/\/www.atta45.se\/e-butik\/wp-content\/uploads\/sites\/1\/2022\/04\/MALLAR_MASSVAGG.zip\" rel=\"nofollow\" download><i class=\"fas fa-arrow-to-bottom\"><\/i><span>M\u00e4ssv\u00e4gg<\/span><\/a><\/li>\n<li class=\"templates--item\"><a href=\"https:\/\/www.atta45.se\/e-butik\/wp-content\/uploads\/sites\/1\/2022\/07\/PAPPERSKORG_MALLAR_2024.zip\" rel=\"nofollow\" download><i class=\"fas fa-arrow-to-bottom\"><\/i><span>Papperskorg<\/span><\/a><\/li>\n<li class=\"templates--item\"><a href=\"https:\/\/www.atta45.se\/e-butik\/wp-content\/uploads\/sites\/1\/2020\/01\/SOFT_IMAGE_DISK.zip\" rel=\"nofollow\" download><i class=\"fas fa-arrow-to-bottom\"><\/i><span>Podium monterdisk<\/span><\/a><\/li>\n<li class=\"templates--item\"><a href=\"https:\/\/www.atta45.se\/e-butik\/wp-content\/uploads\/sites\/1\/2020\/01\/MALLAR_ROLLUPS_x3_2022.zip\" rel=\"nofollow\" download><i class=\"fas fa-arrow-to-bottom\"><\/i><span>Roll up<\/span><\/a><\/li>\n<li class=\"templates--item\"><a href=\"https:\/\/www.atta45.se\/e-butik\/wp-content\/uploads\/sites\/1\/2020\/01\/MALLAR_SKYLT.zip\" rel=\"nofollow\" download><i class=\"fas fa-arrow-to-bottom\"><\/i><span>Skylt<\/span><\/a><\/li>\n<li class=\"templates--item\"><a href=\"https:\/\/www.atta45.se\/e-butik\/wp-content\/uploads\/sites\/1\/2022\/05\/Soft-Image_Mallar.zip\" rel=\"nofollow\" download><i class=\"fas fa-arrow-to-bottom\"><\/i><span>Soft image monterdisk<\/span><\/a><\/li>\n<li class=\"templates--item\"><a href=\"https:\/\/www.atta45.se\/e-butik\/wp-content\/uploads\/sites\/1\/2022\/08\/MALLAR_TAKSKYLTAR_aug22.zip\" rel=\"nofollow\" download><i class=\"fas fa-arrow-to-bottom\"><\/i><span>Takskylt<\/span><\/a><\/li>\n<li class=\"templates--item\"><a href=\"https:\/\/www.atta45.se\/e-butik\/wp-content\/uploads\/sites\/1\/2022\/08\/MALLAR_TWISTERSTALL_aug22.zip\" rel=\"nofollow\" download><i class=\"fas fa-arrow-to-bottom\"><\/i><span>Twisterst\u00e4ll<\/span><\/a><\/li>\n<\/ul>\n\t<\/div>\r\n\t\t<div class=\"col-md-6 col-lg-4 col-sm-6 col-12 editor_content\">\r\n\t\t<h3 class=\"templates-title\">Profilprodukter<\/h3>\n<ul class=\"templates\">\n<li class=\"templates--item\"><a href=\"https:\/\/www.atta45.se\/e-butik\/wp-content\/uploads\/sites\/1\/2025\/05\/BEACHFLAGS_MALLAR_Profilprodkuter.zip\" rel=\"nofollow\" download><i class=\"fas fa-arrow-to-bottom\"><\/i><span>Beachflaggor Profil<\/span><\/a><\/li>\n<li class=\"templates--item\"><a href=\"https:\/\/www.atta45.se\/e-butik\/wp-content\/uploads\/sites\/1\/2025\/05\/Bordsduk_MALLAR.zip\" rel=\"nofollow\" download><i class=\"fas fa-arrow-to-bottom\"><\/i><span>Bordsduk<\/span><\/a><\/li>\n<li class=\"templates--item\"><a href=\"https:\/\/www.atta45.se\/e-butik\/wp-content\/uploads\/sites\/1\/2025\/05\/Bordsflaggor_MALLAR.zip\" rel=\"nofollow\" download><i class=\"fas fa-arrow-to-bottom\"><\/i><span>Bordsflaggor<\/span><\/a><\/li>\n<li class=\"templates--item\"><a href=\"https:\/\/www.atta45.se\/e-butik\/wp-content\/uploads\/sites\/1\/2025\/05\/Burkkylare_Neopren_MALL.zip\" rel=\"nofollow\" download><i class=\"fas fa-arrow-to-bottom\"><\/i><span>Burkkylare Neopren<\/span><\/a><\/li>\n<li class=\"templates--item\"><a href=\"https:\/\/www.atta45.se\/e-butik\/wp-content\/uploads\/sites\/1\/2025\/05\/Flaggor_MALLAR.zip\" rel=\"nofollow\" download><i class=\"fas fa-arrow-to-bottom\"><\/i><span>Flaggor<\/span><\/a><\/li>\n<li class=\"templates--item\"><a href=\"https:\/\/www.atta45.se\/e-butik\/wp-content\/uploads\/sites\/1\/2025\/05\/Ipad_stand_MALL.zip\" rel=\"nofollow\" download><i class=\"fas fa-arrow-to-bottom\"><\/i><span>Ipad st\u00e4ll<\/span><\/a><\/li>\n<li class=\"templates--item\"><a href=\"https:\/\/www.atta45.se\/e-butik\/wp-content\/uploads\/sites\/1\/2025\/05\/Isskrapa_MALL.zip\" rel=\"nofollow\" download><i class=\"fas fa-arrow-to-bottom\"><\/i><span>Isskrapa<\/span><\/a><\/li>\n<li class=\"templates--item\"><a href=\"https:\/\/www.atta45.se\/e-butik\/wp-content\/uploads\/sites\/1\/2025\/05\/Kampanjknappar_MALLAR.zip\" rel=\"nofollow\" download><i class=\"fas fa-arrow-to-bottom\"><\/i><span>Kampanjknappar<\/span><\/a><\/li>\n<li class=\"templates--item\"><a href=\"https:\/\/www.atta45.se\/e-butik\/wp-content\/uploads\/sites\/1\/2025\/05\/Massdisk_tyg_MALL.zip\" rel=\"nofollow\" download><i class=\"fas fa-arrow-to-bottom\"><\/i><span>M\u00e4ssdisk tyg<\/span><\/a><\/li>\n<li class=\"templates--item\"><a href=\"https:\/\/www.atta45.se\/e-butik\/wp-content\/uploads\/sites\/1\/2025\/05\/Mjuk_Reflex_Strap_MALL.zip\" rel=\"nofollow\" download><i class=\"fas fa-arrow-to-bottom\"><\/i><span>Mjukt reflexband<\/span><\/a><\/li>\n<li class=\"templates--item\"><a href=\"https:\/\/www.atta45.se\/e-butik\/wp-content\/uploads\/sites\/1\/2025\/05\/Nyckelring_10krona_MALL.zip\" rel=\"nofollow\" download><i class=\"fas fa-arrow-to-bottom\"><\/i><span>Nyckelring 10 krona<\/span><\/a><\/li>\n<li class=\"templates--item\"><a href=\"https:\/\/www.atta45.se\/e-butik\/wp-content\/uploads\/sites\/1\/2025\/05\/Pappersflagga_MALLAR.zip\" rel=\"nofollow\" download><i class=\"fas fa-arrow-to-bottom\"><\/i><span>Papperflagga<\/span><\/a><\/li>\n<li class=\"templates--item\"><a href=\"https:\/\/www.atta45.se\/e-butik\/wp-content\/uploads\/sites\/1\/2025\/05\/Tent_3x3m_MALL.zip\" rel=\"nofollow\" download><i class=\"fas fa-arrow-to-bottom\"><\/i><span>Partyt\u00e4lt 3x3m<\/span><\/a><\/li>\n<li class=\"templates--item\"><a href=\"https:\/\/www.atta45.se\/e-butik\/wp-content\/uploads\/sites\/1\/2025\/05\/Tent_3x45m_MALL.zip\" rel=\"nofollow\" download><i class=\"fas fa-arrow-to-bottom\"><\/i><span>Partyt\u00e4lt 3&#215;4,5 m<\/span><\/a><\/li>\n<li class=\"templates--item\"><a href=\"https:\/\/www.atta45.se\/e-butik\/wp-content\/uploads\/sites\/1\/2025\/05\/Supporter_Flagga_Mallar.zip\" rel=\"nofollow\" download><i class=\"fas fa-arrow-to-bottom\"><\/i><span>Supporterflagga<\/span><\/a><\/li>\n<\/ul>\n\t<\/div>\r\n\t<\/div>\r\n    \t\t<\/div>\r\n\t<\/section>\r\n\n\n<section class=\"content-block block container-fluid bg--white\">\r\n\t    \t\t<div class=\"row justify-content-center content-block--row\">\r\n\t<div class=\"col-lg-8 col-md-10 col-12 editor_content\">\r\n\t\t<h3 style=\"text-align: center\">Varf\u00f6r v\u00e4lja \u00c5tta.45:s E-butik?<\/h3>\n<p style=\"text-align: center\">V\u00e5r CGP-certifiering garanterar en f\u00f6ruts\u00e4gbar produktion med b\u00e4sta f\u00e4rg\u00e5tergivning och trycksaker av h\u00f6gsta kvalitet. V\u00e5ra noggranna medarbetare har full koll p\u00e5 ditt projekt och att du f\u00e5r leverans i tid till marknadens b\u00e4sta erbjudande. Vi ger helt enkelt allt f\u00f6r att b\u00e4sta m\u00f6jliga slutresultat ska uppn\u00e5s \u2013 vid varje uppdrag. <img decoding=\"async\" class=\"size-medium wp-image-5126 aligncenter\" src=\"https:\/\/www.atta45.se\/wp-content\/uploads\/2020\/03\/4_loggos_MONT-300x80.png\" alt=\"\" width=\"300\" height=\"80\" srcset=\"https:\/\/www.atta45.se\/e-butik\/wp-content\/uploads\/sites\/1\/2020\/03\/4_loggos_MONT-300x80.png 300w, https:\/\/www.atta45.se\/e-butik\/wp-content\/uploads\/sites\/1\/2020\/03\/4_loggos_MONT-150x40.png 150w, https:\/\/www.atta45.se\/e-butik\/wp-content\/uploads\/sites\/1\/2020\/03\/4_loggos_MONT-768x205.png 768w, https:\/\/www.atta45.se\/e-butik\/wp-content\/uploads\/sites\/1\/2020\/03\/4_loggos_MONT-600x160.png 600w, https:\/\/www.atta45.se\/e-butik\/wp-content\/uploads\/sites\/1\/2020\/03\/4_loggos_MONT.png 850w\" sizes=\"(max-width: 300px) 100vw, 300px\" \/><\/p>\n\t<\/div>\r\n<\/div>    \t<\/section>\r\n","protected":false},"excerpt":{"rendered":"","protected":false},"author":1,"featured_media":0,"parent":0,"menu_order":0,"comment_status":"closed","ping_status":"closed","template":"","meta":{"_acf_changed":false,"_seopress_robots_primary_cat":"","_seopress_titles_title":"Template \/ Mallar till original - \u00c5tta.45 E-butik","_seopress_titles_desc":"Anv\u00e4nd v\u00e5r mallar n\u00e4r du skapar original. Det sparar b\u00e5de tid och pengar d\u00e5 vi f\u00e5r f\u00e4rdiga dokument som inte beh\u00f6ver \u00e4ndras.","_seopress_robots_index":"","footnotes":""},"class_list":["post-1441","page","type-page","status-publish","hentry"],"acf":[],"_links":{"self":[{"href":"https:\/\/www.atta45.se\/e-butik\/wp-json\/wp\/v2\/pages\/1441","targetHints":{"allow":["GET"]}}],"collection":[{"href":"https:\/\/www.atta45.se\/e-butik\/wp-json\/wp\/v2\/pages"}],"about":[{"href":"https:\/\/www.atta45.se\/e-butik\/wp-json\/wp\/v2\/types\/page"}],"author":[{"embeddable":true,"href":"https:\/\/www.atta45.se\/e-butik\/wp-json\/wp\/v2\/users\/1"}],"replies":[{"embeddable":true,"href":"https:\/\/www.atta45.se\/e-butik\/wp-json\/wp\/v2\/comments?post=1441"}],"version-history":[{"count":83,"href":"https:\/\/www.atta45.se\/e-butik\/wp-json\/wp\/v2\/pages\/1441\/revisions"}],"predecessor-version":[{"id":377703,"href":"https:\/\/www.atta45.se\/e-butik\/wp-json\/wp\/v2\/pages\/1441\/revisions\/377703"}],"wp:attachment":[{"href":"https:\/\/www.atta45.se\/e-butik\/wp-json\/wp\/v2\/media?parent=1441"}],"curies":[{"name":"wp","href":"https:\/\/api.w.org\/{rel}","templated":true}]}}