{"id":1370,"date":"2019-11-01T09:54:38","date_gmt":"2019-11-01T08:54:38","guid":{"rendered":"https:\/\/flipptryck.a-demo.se\/?page_id=1370"},"modified":"2025-01-10T15:09:59","modified_gmt":"2025-01-10T14:09:59","slug":"support","status":"publish","type":"page","link":"https:\/\/www.atta45.se\/e-butik\/support\/","title":{"rendered":"Support"},"content":{"rendered":"\t<section class=\"block hero default\" style=\"background-image: url(https:\/\/www.atta45.se\/e-butik\/wp-content\/uploads\/sites\/1\/2024\/12\/Blue_TopBanner_2024_A-scaled.jpg);\">\r\n\t\t<div class=\"hero-overlay\" style=\"background-color: \"><\/div>\r\n\t\t<div class=\"hero--inner editor_content white \" style=\"color: \">\r\n\t\t\t<h1 style=\"text-align: center\">Har du fr\u00e5gor? Vi svarar snabbt!<\/h1>\n\t\t<\/div>\r\n\t<\/section>\r\n\n\n<section class=\"content-block block container-fluid bg--white\">\r\n\t    \t\t<div class=\"row justify-content-start content-block--row content-block--three\">\r\n\t\t<div class=\"col-md-6 col-lg-4 col-sm-6 col-12 editor_content\">\r\n\t\t<p style=\"text-align: left;\">Kontakta oss f\u00f6r r\u00e5d, tips eller om du vill ha en offert p\u00e5 n\u00e5got som du inte hittar h\u00e4r. Vi har marknadens bredaste utbud av produkter och tj\u00e4nster inom tryck.<\/p>\n\t<\/div>\r\n\t\t<div class=\"col-md-6 col-lg-4 col-sm-6 col-12 editor_content\">\r\n\t\t<h4 style=\"text-align: center;\">Support Trycksaker:<\/h4>\n<h5 style=\"text-align: center;\"><a href=\"mailto:ebutiken.support@atta45.se\">ebutiken.support@atta45.se<\/a><br \/>\neller tel: <strong>08-55 77 36 00<\/strong><\/h5>\n\t<\/div>\r\n\t\t<div class=\"col-md-6 col-lg-4 col-sm-6 col-12 editor_content\">\r\n\t\t<h4 style=\"text-align: center;\">Support Profilprodukter:<\/h4>\n<h5 style=\"text-align: center;\"><a href=\"mailto:profilprodukter@atta45.se\">profilprodukter@atta45.se<\/a><br \/>\neller telefon: <strong>08-503 508 80<\/strong><\/h5>\n\t<\/div>\r\n\t<\/div>\r\n    \t<\/section>\r\n\n\n<section class=\"content-block block bg--lightGray\">\r\n\t\t<div class=\"container-fluid\">\r\n\t    \t\t<div class=\"row justify-content-center content-block--row\">\r\n\t<div class=\"col-lg-8 col-md-10 col-12 editor_content\">\r\n\t\t<h4 style=\"text-align: center\">Fyll i formul\u00e4ret nedan,<br \/>\ns\u00e5 tar vi fram ett pris<br \/>\noch skickar en offert till dig:<\/h4>\n\t<\/div>\r\n<\/div>    \t\t<\/div>\r\n\t<\/section>\r\n\n\n\t\t<section class=\"iframe-form-block block\">\r\n\t\t\t<div class=\"container-fluid\">\r\n\t\t\t\t<div class=\"form-wrapper\">\r\n\t\t\t\t\t<div class=\"title\">\r\n\t\t\t\t\t\t<h2 class=\"h2\">Offertf\u00f6rfr\u00e5gan E-butik<\/h2>\t\t\t\t\t<\/div>\r\n\t\t\t\t\t<iframe loading=\"lazy\" src=\"https:\/\/pages.upsales.com\/17742u2ac63a5dfd054fa7853daeb863d22256-frame\" width=\"100%\" height=\"935\" style=\"border:0\"><\/iframe>\t\t\t\t<\/div>\r\n\t\t\t<\/div>\r\n\t\t<\/section>\r\n\t","protected":false},"excerpt":{"rendered":"","protected":false},"author":1,"featured_media":303054,"parent":0,"menu_order":50,"comment_status":"closed","ping_status":"closed","template":"","meta":{"_acf_changed":false,"_seopress_robots_primary_cat":"","_seopress_titles_title":"","_seopress_titles_desc":"","_seopress_robots_index":"","footnotes":""},"class_list":["post-1370","page","type-page","status-publish","has-post-thumbnail","hentry"],"acf":[],"_links":{"self":[{"href":"https:\/\/www.atta45.se\/e-butik\/wp-json\/wp\/v2\/pages\/1370","targetHints":{"allow":["GET"]}}],"collection":[{"href":"https:\/\/www.atta45.se\/e-butik\/wp-json\/wp\/v2\/pages"}],"about":[{"href":"https:\/\/www.atta45.se\/e-butik\/wp-json\/wp\/v2\/types\/page"}],"author":[{"embeddable":true,"href":"https:\/\/www.atta45.se\/e-butik\/wp-json\/wp\/v2\/users\/1"}],"replies":[{"embeddable":true,"href":"https:\/\/www.atta45.se\/e-butik\/wp-json\/wp\/v2\/comments?post=1370"}],"version-history":[{"count":202,"href":"https:\/\/www.atta45.se\/e-butik\/wp-json\/wp\/v2\/pages\/1370\/revisions"}],"predecessor-version":[{"id":303052,"href":"https:\/\/www.atta45.se\/e-butik\/wp-json\/wp\/v2\/pages\/1370\/revisions\/303052"}],"wp:featuredmedia":[{"embeddable":true,"href":"https:\/\/www.atta45.se\/e-butik\/wp-json\/wp\/v2\/media\/303054"}],"wp:attachment":[{"href":"https:\/\/www.atta45.se\/e-butik\/wp-json\/wp\/v2\/media?parent=1370"}],"curies":[{"name":"wp","href":"https:\/\/api.w.org\/{rel}","templated":true}]}}