{"id":12735,"date":"2023-11-21T13:11:20","date_gmt":"2023-11-21T12:11:20","guid":{"rendered":"https:\/\/www.atta45.se\/e-butik\/?page_id=12735"},"modified":"2025-08-27T11:12:20","modified_gmt":"2025-08-27T09:12:20","slug":"forpackningar","status":"publish","type":"page","link":"https:\/\/www.atta45.se\/e-butik\/forpackningar\/","title":{"rendered":"F\u00f6rpackningar"},"content":{"rendered":"\t<section class=\"block hero bigger\" style=\"background-image: url(https:\/\/www.atta45.se\/e-butik\/wp-content\/uploads\/sites\/1\/2023\/11\/FORPACKNING_2023_BANNER_99.jpg);\">\r\n\t\t<div class=\"hero-overlay\" style=\"background-color: \"><\/div>\r\n\t\t<div class=\"hero--inner editor_content white \" style=\"color: \">\r\n\t\t\t<h1 style=\"text-align: center\">F\u00f6rpackningar<\/h1>\n<h5 style=\"text-align: center\">R\u00e4tt f\u00f6rpackning leder till k\u00f6pbeslut och v\u00e5ra<br \/>\nE-handelsf\u00f6rpackningar skyddar vid transport.<\/h5>\n\t\t<\/div>\r\n\t<\/section>\r\n\n\n<!-- + slider-wrapper for slider -->\r\n<section \r\n    class=\"block selected-products editor_content container-fluid sl\r\n    small-padding--top \r\n    small-padding--bottom\">\r\n\r\n    \t<div class=\"product-slider-container four-product-row\">\r\n                    <!--  + slider for slider -->\r\n\t\t\t<div class=\"product\">\r\n\t\t\t\t<div class=\"product--inner\">\r\n                    <div class=\"img-container\">\r\n                        <a href=\"https:\/\/www.atta45.se\/e-butik\/produkt\/kartongkuvert\/\">\r\n                            <img decoding=\"async\" src=\"https:\/\/www.atta45.se\/e-butik\/wp-content\/uploads\/sites\/1\/2023\/09\/Kartongkuvert_C4_99.jpg\" alt=\"\">\r\n                        <\/a>\r\n                    <\/div>\r\n                    <a href=\"https:\/\/www.atta45.se\/e-butik\/produkt\/kartongkuvert\/\" class=\"c-inherit\">\r\n\t\t\t\t\t    <h3 class=\"product-title\">Kartongkuvert<\/h3>\r\n                    <\/a>\r\n\t\t\t\t<\/div>\r\n\t\t\t<\/div>\r\n\t\t            <!--  + slider for slider -->\r\n\t\t\t<div class=\"product\">\r\n\t\t\t\t<div class=\"product--inner\">\r\n                    <div class=\"img-container\">\r\n                        <a href=\"https:\/\/www.atta45.se\/e-butik\/produkt\/brevforpackning-a5\/\">\r\n                            <img decoding=\"async\" src=\"https:\/\/www.atta45.se\/e-butik\/wp-content\/uploads\/sites\/1\/2023\/09\/Brevforpackning-A5_mockup_2.jpg\" alt=\"\">\r\n                        <\/a>\r\n                    <\/div>\r\n                    <a href=\"https:\/\/www.atta45.se\/e-butik\/produkt\/brevforpackning-a5\/\" class=\"c-inherit\">\r\n\t\t\t\t\t    <h3 class=\"product-title\">Brevf\u00f6rpackning A5<\/h3>\r\n                    <\/a>\r\n\t\t\t\t<\/div>\r\n\t\t\t<\/div>\r\n\t\t            <!--  + slider for slider -->\r\n\t\t\t<div class=\"product\">\r\n\t\t\t\t<div class=\"product--inner\">\r\n                    <div class=\"img-container\">\r\n                        <a href=\"https:\/\/www.atta45.se\/e-butik\/produkt\/presentkortsask\/\">\r\n                            <img decoding=\"async\" src=\"https:\/\/www.atta45.se\/e-butik\/wp-content\/uploads\/sites\/1\/2023\/09\/Presentkortsask_Mockup_C.jpg\" alt=\"\">\r\n                        <\/a>\r\n                    <\/div>\r\n                    <a href=\"https:\/\/www.atta45.se\/e-butik\/produkt\/presentkortsask\/\" class=\"c-inherit\">\r\n\t\t\t\t\t    <h3 class=\"product-title\">Presentkortsask<\/h3>\r\n                    <\/a>\r\n\t\t\t\t<\/div>\r\n\t\t\t<\/div>\r\n\t\t\t<\/div>\r\n\r\n    <\/section>\n\n<section class=\"content-block block container-fluid bg--white\">\r\n\t    \t\t<div class=\"row justify-content-center content-block--row\">\r\n\t<div class=\"col-lg-8 col-md-10 col-12 editor_content\">\r\n\t\t<h1 style=\"text-align: center\">R\u00e4tt f\u00f6rpackning skyddar varan och leder till k\u00f6pbeslut.<\/h1>\n<p style=\"text-align: left\">300 millisekunder \u2013 s\u00e5 l\u00e5ng tid har en f\u00f6rpackning p\u00e5 sig att f\u00e5nga k\u00f6parnas intresse i butik. D\u00e5 \u00e4r det bara f\u00e4rg och form som r\u00e4knas. Det sker omedvetet och v\u00e4ldigt snabbt. F\u00f6rpackningens utseende \u00e4r av st\u00f6rsta vikt f\u00f6r att konsumenten ska uppt\u00e4cka varan. Vilka signaler f\u00f6rmedlar den med sina f\u00e4rger och sitt motiv? Med r\u00e4tt sorts f\u00f6rpackning kan du s\u00e4lja mer.<\/p>\n<p style=\"text-align: left\">F\u00f6rpackningar av kartong \u00e4r popul\u00e4rast bland svenskarna. F\u00f6rpackningar en utm\u00e4rkt plats f\u00f6r att bygga varum\u00e4rke och identitet. Enligt en unders\u00f6kning om f\u00f6rpackningar anser n\u00e4stan tv\u00e5 tredjedelar av konsumenterna att kartongf\u00f6rpackningar \u00e4r det mest milj\u00f6v\u00e4nliga alternativet. Kartong och papper \u00e4r ocks\u00e5 de material som \u00e5tervinns i st\u00f6rst utstr\u00e4ckning.<\/p>\n<p style=\"text-align: center\">\n\t<\/div>\r\n<\/div>    \t<\/section>\r\n\n\n<section class=\"call-to-actions block container-fluid\">\r\n\t<div class=\"row justify-content-center align-items-stretch\">\r\n\t\t\t\t\t<div class=\"col-12 col-md-6 cta\">\r\n\t<div class=\"cta--inner\">\r\n\t\t<div class=\"cta--support\">\r\n\t\t\t<figure class=\"cta--support__icon\">\r\n\t\t\t\t\t\t\t<\/figure>\r\n\t\t\t<div class=\"cta--support__content editor_content white\">\r\n\t\t\t\t<h3>Fr\u00e5gor? Vi hj\u00e4lper dig snabbt!<\/h3>\r\n\t\t\t\t\t\t\t\t\t<a href=\"tel:08-55 77 36 00\" rel=\"nofollow\"><i class=\"fas fa-phone\"><\/i><span>08-55 77 36 00<\/span><\/a>\r\n\t\t\t\t\t\t\t\t\t\t\t\t\t<a href=\"mailto:ebutiken.support@atta45.se\" rel=\"nofollow\"><i class=\"fas fa-envelope\"><\/i><span>ebutiken.support@atta45.se<\/span><\/a>\r\n\t\t\t\t\t\t\t<\/div>\r\n\t\t<\/div>\r\n\t<\/div>\r\n<\/div>\t\t\t<\/div>\r\n<\/section>\r\n\n\n\n\n\t<section class=\"block hero bigger\" style=\"background-image: url(https:\/\/www.atta45.se\/e-butik\/wp-content\/uploads\/sites\/1\/2023\/11\/845_BANNER_2_FORPACKNINGAR_NEW.jpg);\">\r\n\t\t<div class=\"hero-overlay\" style=\"background-color: \"><\/div>\r\n\t\t<div class=\"hero--inner editor_content white \" style=\"color: \">\r\n\t\t\t\t\t<\/div>\r\n\t<\/section>\r\n","protected":false},"excerpt":{"rendered":"","protected":false},"author":8,"featured_media":12959,"parent":0,"menu_order":0,"comment_status":"closed","ping_status":"closed","template":"","meta":{"_acf_changed":false,"_seopress_robots_primary_cat":"","_seopress_titles_title":"Milj\u00f6v\u00e4nliga f\u00f6rpackningar av kartong \u2013 \u00c5tta.45 Tryckeri","_seopress_titles_desc":"R\u00e4tt f\u00f6rpackning skyddar varan och leder till k\u00f6pbeslut. Vi tillverkar milj\u00f6v\u00e4nliga f\u00f6rpackningar i kartong s\u00e5som Kartongkuvert, Presentkortsask, Brevf\u00f6rpackning  mm.","_seopress_robots_index":"","footnotes":""},"class_list":["post-12735","page","type-page","status-publish","has-post-thumbnail","hentry"],"acf":[],"_links":{"self":[{"href":"https:\/\/www.atta45.se\/e-butik\/wp-json\/wp\/v2\/pages\/12735","targetHints":{"allow":["GET"]}}],"collection":[{"href":"https:\/\/www.atta45.se\/e-butik\/wp-json\/wp\/v2\/pages"}],"about":[{"href":"https:\/\/www.atta45.se\/e-butik\/wp-json\/wp\/v2\/types\/page"}],"author":[{"embeddable":true,"href":"https:\/\/www.atta45.se\/e-butik\/wp-json\/wp\/v2\/users\/8"}],"replies":[{"embeddable":true,"href":"https:\/\/www.atta45.se\/e-butik\/wp-json\/wp\/v2\/comments?post=12735"}],"version-history":[{"count":41,"href":"https:\/\/www.atta45.se\/e-butik\/wp-json\/wp\/v2\/pages\/12735\/revisions"}],"predecessor-version":[{"id":378720,"href":"https:\/\/www.atta45.se\/e-butik\/wp-json\/wp\/v2\/pages\/12735\/revisions\/378720"}],"wp:featuredmedia":[{"embeddable":true,"href":"https:\/\/www.atta45.se\/e-butik\/wp-json\/wp\/v2\/media\/12959"}],"wp:attachment":[{"href":"https:\/\/www.atta45.se\/e-butik\/wp-json\/wp\/v2\/media?parent=12735"}],"curies":[{"name":"wp","href":"https:\/\/api.w.org\/{rel}","templated":true}]}}