{"id":7398,"date":"2021-04-08T16:08:11","date_gmt":"2021-04-08T14:08:11","guid":{"rendered":"https:\/\/www.atta45.se\/e-butik\/?post_type=product&#038;p=7398"},"modified":"2021-04-21T11:14:24","modified_gmt":"2021-04-21T09:14:24","slug":"dekal-privat","status":"publish","type":"product","link":"https:\/\/www.atta45.se\/e-butik\/en\/produkt\/dekal-privat\/","title":{"rendered":"Dekal \u201dPrivat\u201d"},"content":{"rendered":"","protected":false},"excerpt":{"rendered":"<p><strong>Format: 150&#215;60 mm. Material: Dekal i t\u00e5lig vinyl.\u00a0<\/strong>Denna dekal visar p\u00e5 ett tydligt att detta \u00e4r ett privat omr\u00e5de. Dekalen har mycket god vidh\u00e4ftningsf\u00f6rm\u00e5ga \u00e4ven utomhus. Appliceras mot en ren och torr yta.<\/p>\n<p><a href=\"https:\/\/www.atta45.se\/e-butik\/brf\/\">Tillbaka till produktsidan f\u00f6r BRF.<\/a><\/p>\n<p>&nbsp;<\/p>\n","protected":false},"featured_media":7380,"template":"","meta":{"_acf_changed":false,"_seopress_robots_primary_cat":"none","_seopress_titles_title":"Skylt Privat | \u00c5tta.45 Tryckeri","_seopress_titles_desc":"Vi har alla typer av skyltar f\u00f6r din bostadsr\u00e4ttsf\u00f6rening. Vi tillverkar skyltar i h\u00e5llbara material med snabb leverans till b\u00e4sta pris!","_seopress_robots_index":""},"product_brand":[],"product_cat":[591],"product_tag":[],"class_list":{"0":"post-7398","1":"product","2":"type-product","3":"status-publish","4":"has-post-thumbnail","6":"product_cat-brf","8":"first","9":"instock","10":"taxable","11":"shipping-taxable","12":"purchasable","13":"product-type-simple"},"acf":[],"_links":{"self":[{"href":"https:\/\/www.atta45.se\/e-butik\/en\/wp-json\/wp\/v2\/product\/7398","targetHints":{"allow":["GET"]}}],"collection":[{"href":"https:\/\/www.atta45.se\/e-butik\/en\/wp-json\/wp\/v2\/product"}],"about":[{"href":"https:\/\/www.atta45.se\/e-butik\/en\/wp-json\/wp\/v2\/types\/product"}],"wp:featuredmedia":[{"embeddable":true,"href":"https:\/\/www.atta45.se\/e-butik\/en\/wp-json\/wp\/v2\/media\/7380"}],"wp:attachment":[{"href":"https:\/\/www.atta45.se\/e-butik\/en\/wp-json\/wp\/v2\/media?parent=7398"}],"wp:term":[{"taxonomy":"product_brand","embeddable":true,"href":"https:\/\/www.atta45.se\/e-butik\/en\/wp-json\/wp\/v2\/product_brand?post=7398"},{"taxonomy":"product_cat","embeddable":true,"href":"https:\/\/www.atta45.se\/e-butik\/en\/wp-json\/wp\/v2\/product_cat?post=7398"},{"taxonomy":"product_tag","embeddable":true,"href":"https:\/\/www.atta45.se\/e-butik\/en\/wp-json\/wp\/v2\/product_tag?post=7398"}],"curies":[{"name":"wp","href":"https:\/\/api.w.org\/{rel}","templated":true}]}}