{"id":70596,"date":"2024-12-27T00:55:53","date_gmt":"2024-12-26T23:55:53","guid":{"rendered":"https:\/\/www.atta45.se\/e-butik\/?post_type=product&#038;p=70596"},"modified":"2025-10-28T02:55:28","modified_gmt":"2025-10-28T01:55:28","slug":"turtle-care-gear-250-ml","status":"publish","type":"product","link":"https:\/\/www.atta45.se\/e-butik\/en\/produkt\/turtle-care-gear-250-ml\/","title":{"rendered":"Turtle Care Gear (250 ml)"},"content":{"rendered":"<p>TURTLECARE DEFEAT Gear er et desinfeksjonsmiddel basert p\u00e5 hypoklorsyre.<\/p>\n<p>Bakterier utvikler ikke resistens mot underklorsyre, faktisk har den drept alle patogener (virus, bakterier, sopp, mugg osv.) den har blitt vitenskapelig testet mot. Et ferdigblandet, brukervennlig desinfeksjonsmiddel.<\/p>\n<p>pH-verdien i produktet er 6,5 &#8211; 6,7.<\/p>\n<p>Eksempler p\u00e5 bruksomr\u00e5der:<\/p>\n<p>Utstyr<br \/>Masker<br \/>Bord og stoler<br \/>Hygienerom<br \/>D\u00f8rer og h\u00e5ndtak<br \/>Verkt\u00f8y<\/p>\n","protected":false},"excerpt":{"rendered":"<p>TURTLECARE DEFEAT Gear er et desinfeksjonsmiddel basert p\u00e5 hypoklorsyre. Bakterier utvikler ikke resistens mot underklorsyre, faktisk har den drept alle patogener (virus, bakterier, sopp, mugg osv.) den har blitt vitenskapelig testet mot. Et ferdigblandet, brukervennlig desinfeksjonsmiddel. pH-verdien i produktet er 6,5 &#8211; 6,7. Eksempler p\u00e5 bruksomr\u00e5der: UtstyrMaskerBord og stolerHygieneromD\u00f8rer og h\u00e5ndtakVerkt\u00f8y<\/p>\n","protected":false},"featured_media":70594,"template":"","meta":{"_acf_changed":false,"_seopress_robots_primary_cat":"","_seopress_titles_title":"","_seopress_titles_desc":"","_seopress_robots_index":""},"product_brand":[],"product_cat":[685],"product_tag":[],"class_list":{"0":"post-70596","1":"product","2":"type-product","3":"status-publish","4":"has-post-thumbnail","6":"product_cat-all-products","7":"atta45_taxonomy-health-safety-en","9":"first","10":"instock","11":"taxable","12":"shipping-taxable","13":"purchasable","14":"product-type-variable"},"acf":[],"_links":{"self":[{"href":"https:\/\/www.atta45.se\/e-butik\/en\/wp-json\/wp\/v2\/product\/70596","targetHints":{"allow":["GET"]}}],"collection":[{"href":"https:\/\/www.atta45.se\/e-butik\/en\/wp-json\/wp\/v2\/product"}],"about":[{"href":"https:\/\/www.atta45.se\/e-butik\/en\/wp-json\/wp\/v2\/types\/product"}],"wp:featuredmedia":[{"embeddable":true,"href":"https:\/\/www.atta45.se\/e-butik\/en\/wp-json\/wp\/v2\/media\/70594"}],"wp:attachment":[{"href":"https:\/\/www.atta45.se\/e-butik\/en\/wp-json\/wp\/v2\/media?parent=70596"}],"wp:term":[{"taxonomy":"product_brand","embeddable":true,"href":"https:\/\/www.atta45.se\/e-butik\/en\/wp-json\/wp\/v2\/product_brand?post=70596"},{"taxonomy":"product_cat","embeddable":true,"href":"https:\/\/www.atta45.se\/e-butik\/en\/wp-json\/wp\/v2\/product_cat?post=70596"},{"taxonomy":"product_tag","embeddable":true,"href":"https:\/\/www.atta45.se\/e-butik\/en\/wp-json\/wp\/v2\/product_tag?post=70596"}],"curies":[{"name":"wp","href":"https:\/\/api.w.org\/{rel}","templated":true}]}}