{"id":379352,"date":"2025-09-05T19:19:14","date_gmt":"2025-09-05T17:19:14","guid":{"rendered":"https:\/\/www.atta45.se\/e-butik\/produkt\/metal-tablelight-fiorella\/"},"modified":"2025-10-27T21:27:09","modified_gmt":"2025-10-27T20:27:09","slug":"metal-tablelight-fiorella","status":"publish","type":"product","link":"https:\/\/www.atta45.se\/e-butik\/en\/produkt\/metal-tablelight-fiorella\/","title":{"rendered":"Metal tablelight Fiorella"},"content":{"rendered":"<p>Bordlampe i metal og ABS med 24 LED&#8217;er og tre lystilstande (hvid, neutral, varm) styret af en ber\u00f8ringssensor p\u00e5 toppen. Inkluderer et 800 mAh batteri og Type-C-opladning med et 1 meter kabel. Lampen er d\u00e6mpbar pr. lystilstand og har en t\u00e6nd\/sluk-knap i bunden. Individuelt pakket i en brun papkasse.<\/p>\n","protected":false},"excerpt":{"rendered":"<p>Bordlampe i metal og ABS med 24 LED&#8217;er og tre lystilstande (hvid, neutral, varm) styret af en ber\u00f8ringssensor p\u00e5 toppen. Inkluderer et 800 mAh batteri og Type-C-opladning med et 1 meter kabel. Lampen er d\u00e6mpbar pr. lystilstand og har en t\u00e6nd\/sluk-knap i bunden. Individuelt pakket i en brun papkasse.<\/p>\n","protected":false},"featured_media":379332,"template":"","meta":{"_acf_changed":false,"_seopress_robots_primary_cat":"","_seopress_titles_title":"","_seopress_titles_desc":"","_seopress_robots_index":""},"product_brand":[],"product_cat":[685],"product_tag":[],"class_list":{"0":"post-379352","1":"product","2":"type-product","3":"status-publish","4":"has-post-thumbnail","6":"product_cat-all-products","7":"atta45_taxonomy-news-en","8":"atta45_taxonomy-themes-inspiration-featured-items-news-en","9":"atta45_taxonomy-outdoor-living-en","11":"first","12":"instock","13":"taxable","14":"shipping-taxable","15":"purchasable","16":"product-type-variable"},"acf":[],"_links":{"self":[{"href":"https:\/\/www.atta45.se\/e-butik\/en\/wp-json\/wp\/v2\/product\/379352","targetHints":{"allow":["GET"]}}],"collection":[{"href":"https:\/\/www.atta45.se\/e-butik\/en\/wp-json\/wp\/v2\/product"}],"about":[{"href":"https:\/\/www.atta45.se\/e-butik\/en\/wp-json\/wp\/v2\/types\/product"}],"wp:featuredmedia":[{"embeddable":true,"href":"https:\/\/www.atta45.se\/e-butik\/en\/wp-json\/wp\/v2\/media\/379332"}],"wp:attachment":[{"href":"https:\/\/www.atta45.se\/e-butik\/en\/wp-json\/wp\/v2\/media?parent=379352"}],"wp:term":[{"taxonomy":"product_brand","embeddable":true,"href":"https:\/\/www.atta45.se\/e-butik\/en\/wp-json\/wp\/v2\/product_brand?post=379352"},{"taxonomy":"product_cat","embeddable":true,"href":"https:\/\/www.atta45.se\/e-butik\/en\/wp-json\/wp\/v2\/product_cat?post=379352"},{"taxonomy":"product_tag","embeddable":true,"href":"https:\/\/www.atta45.se\/e-butik\/en\/wp-json\/wp\/v2\/product_tag?post=379352"}],"curies":[{"name":"wp","href":"https:\/\/api.w.org\/{rel}","templated":true}]}}