{"id":378236,"date":"2020-01-09T15:18:28","date_gmt":"2020-01-09T14:18:28","guid":{"rendered":"https:\/\/www.atta45.se\/e-butik\/produkt\/security-gate\/"},"modified":"2025-12-12T15:34:58","modified_gmt":"2025-12-12T14:34:58","slug":"security-gate","status":"publish","type":"product","link":"https:\/\/www.atta45.se\/e-butik\/en\/produkt\/security-gate\/","title":{"rendered":"Security gate"},"content":{"rendered":"","protected":false},"excerpt":{"rendered":"<p>If you have security gates at the entrance, they offer a great opportunity to attract attention and draw customers into your store. Make use of this space for your promotions. Security gates come in a variety of designs and sizes. Our solution for printing security gate advertising fits most systems. They are printed in the highest quality on cardboard. The construction is pre-glued, so all you need to do is simply unfold them and place them in position.     <\/p>\n<p>Note: We can only accept one file per product. If you need to upload multiple print files, please create a folder containing all the files and then compress it. We accept compressed formats such as: zip, rar, gz, and 7z.   <\/p>\n","protected":false},"featured_media":15642,"template":"","meta":{"_acf_changed":false,"_seopress_robots_primary_cat":"none","_seopress_titles_title":"We print security gate advertising at great prices | \u00c5tta.45 Print Shop","_seopress_titles_desc":"Larmb\u00e5gar vid entr\u00e9n s\u00e5 ger det dig en m\u00f6jlighet att synas och dra in kunder i butiken. Vi tillverkar larmb\u00e5gereklam i h\u00f6gsta kvalitet av kartong. ","_seopress_robots_index":""},"product_brand":[],"product_cat":[7116,685],"product_tag":[],"class_list":{"0":"post-378236","1":"product","2":"type-product","3":"status-publish","4":"has-post-thumbnail","6":"product_cat-store-materials","7":"product_cat-all-products","9":"first","10":"instock","11":"taxable","12":"shipping-taxable","13":"purchasable","14":"product-type-variable","15":"has-default-attributes"},"acf":[],"_links":{"self":[{"href":"https:\/\/www.atta45.se\/e-butik\/en\/wp-json\/wp\/v2\/product\/378236","targetHints":{"allow":["GET"]}}],"collection":[{"href":"https:\/\/www.atta45.se\/e-butik\/en\/wp-json\/wp\/v2\/product"}],"about":[{"href":"https:\/\/www.atta45.se\/e-butik\/en\/wp-json\/wp\/v2\/types\/product"}],"wp:featuredmedia":[{"embeddable":true,"href":"https:\/\/www.atta45.se\/e-butik\/en\/wp-json\/wp\/v2\/media\/15642"}],"wp:attachment":[{"href":"https:\/\/www.atta45.se\/e-butik\/en\/wp-json\/wp\/v2\/media?parent=378236"}],"wp:term":[{"taxonomy":"product_brand","embeddable":true,"href":"https:\/\/www.atta45.se\/e-butik\/en\/wp-json\/wp\/v2\/product_brand?post=378236"},{"taxonomy":"product_cat","embeddable":true,"href":"https:\/\/www.atta45.se\/e-butik\/en\/wp-json\/wp\/v2\/product_cat?post=378236"},{"taxonomy":"product_tag","embeddable":true,"href":"https:\/\/www.atta45.se\/e-butik\/en\/wp-json\/wp\/v2\/product_tag?post=378236"}],"curies":[{"name":"wp","href":"https:\/\/api.w.org\/{rel}","templated":true}]}}