{"id":377801,"date":"2019-12-16T16:22:01","date_gmt":"2019-12-16T15:22:01","guid":{"rendered":"https:\/\/www.atta45.se\/e-butik\/terms-of-purchase\/"},"modified":"2025-05-26T14:02:11","modified_gmt":"2025-05-26T12:02:11","slug":"terms-of-purchase","status":"publish","type":"page","link":"https:\/\/www.atta45.se\/e-butik\/en\/terms-of-purchase\/","title":{"rendered":"Terms of Purchase"},"content":{"rendered":"\t<section class=\"block hero default\" style=\"background-image: url(https:\/\/www.atta45.se\/e-butik\/wp-content\/uploads\/sites\/1\/2024\/12\/Blue_TopBanner_2024_A-scaled.jpg);\">\r\n\t\t<div class=\"hero-overlay\" style=\"background-color: \"><\/div>\r\n\t\t<div class=\"hero--inner editor_content white\">\r\n\t\t\t<h1 style=\"text-align: center\">Terms of Purchase<\/h1>\n\t\t<\/div>\r\n\t<\/section>\r\n<section class=\"content-block block container-fluid bg--white\">\r\n\t    \t\t<div class=\"row justify-content-center content-block--row\">\r\n\t<div class=\"col-lg-8 col-md-10 col-12 editor_content\">\r\n\t\t<p><strong>General<\/strong><br \/>\n\u00c5tta.45 Tryckeri AB provides printing services via the internet to its customers in Sweden. Customers may be private individuals, associations, companies, or organizations (collectively referred to as \u201cCustomer\u201d). Sales are made through the \u00c5tta.45 Online Store. For orders, purchases, and deliveries made through channels other than \u00c5tta.45\u2019s Online Store, special terms and conditions apply. By completing an order in the Online Store, the Customer accepts the Terms and, where applicable, the processing of personal data in accordance with the Terms.      \u00c5tta.45 Tryckeri AB reserves the right to retain reference copies as well as legal deposit and archive copies in accordance with ALG 20.<\/p>\n<p>&nbsp;<\/p>\n<p><strong>Prices and Fees<\/strong><br \/>\nCurrent prices excluding VAT are shown in \u00c5tta.45\u2019s online store at the time of ordering. \u00c5tta.45 Tryckeri AB reserves the right to change its prices without prior notice. VAT of 25% will be added. A shipping fee of 100 SEK per order applies. The current shipping fee is shown in \u00c5tta.45\u2019s online store at the time of ordering.   <\/p>\n<p>&nbsp;<\/p>\n<p><strong>Order and Cancellation<\/strong><br \/>\nOrders can only be placed through \u00c5tta.45\u2019s online store unless a special agreement has been made with \u00c5tta.45 Tryckeri AB. A binding agreement is formed when the Customer completes an order in the online store. Once the Customer has placed an order, an order confirmation will be sent to the email address provided by the Customer. The Customer may cancel the order by contacting \u00c5tta.45 at +46 8 55 77 36 00 or <a href=\"mailto:ebutiken.support@atta45.se\">ebutiken.support@atta45.se<\/a>, provided that \u00c5tta.45 Tryckeri AB has not yet started printing the order.     <\/p>\n<p>&nbsp;<\/p>\n<p><strong>Payment<\/strong><br \/>\nPayment can be made by invoice or with VISA, MasterCard, or Swish. For invoice payments, the invoice will be sent to the Customer\u2019s registered residential address (private individual) or registered mailing address (company or organization). The payment term is thirty (30) days. In case of late or missed payment, interest on arrears of 2% per month will be charged, along with a fee for a written payment reminder in accordance with the amount specified in the Swedish law (1981:739) on compensation for debt collection costs, or any law that replaces it. A credit check will be performed at the time of purchase, which in some cases involves obtaining a credit report. If a credit report is obtained, a copy will be sent to the Customer.     <\/p>\n<p>Card payments are handled by Swedbank Pay.<\/p>\n<p>&nbsp;<\/p>\n<p><strong>Delivery<\/strong><br \/>\nDelivery is considered to occur when the Customer\u2019s order leaves \u00c5tta.45 Tryckeri AB. Delivery is normally carried out by DHL. Available delivery options for the current order are shown in the online store.    \u00c5tta.45 Tryckeri AB is responsible for the goods during delivery to the Customer. The Customer is responsible for the goods when returning them to \u00c5tta.45 Tryckeri AB. If the Customer fails to collect the shipment, refuses to accept it, or if the shipment is returned due to incorrectly registered information, \u00c5tta.45 Tryckeri AB will charge a fee to cover shipping and administrative costs, currently five hundred (500) SEK.    <\/p>\n<p>&nbsp;<\/p>\n<p><strong>Copyright<\/strong><br \/>\nThe Customer is solely responsible for ensuring that any order and delivery based on the Customer\u2019s original material does not infringe upon the copyright or other intellectual property rights of any third party. The Customer shall indemnify \u00c5tta.45 Tryckeri AB against any claims from third parties resulting from the fulfillment of the Customer\u2019s order.  <\/p>\n<p>&nbsp;<\/p>\n<p><strong>Complaints<\/strong><br \/>\nIf \u00c5tta.45 Tryckeri AB has delivered an incorrect or defective service, if the result of the service has been damaged during transport, or if the shipment has been lost in transit, the Customer must submit a written complaint to \u00c5tta.45 Tryckeri AB, who will then handle the complaint. The complaint must be made within a reasonable time from when the defect or issue was discovered or should have been discovered. The complaint must specify the type of defect. For Customers who are private individuals, the complaint will be assessed in accordance with the Swedish Consumer Services Act (1985:716).     <\/p>\n<p>&nbsp;<\/p>\n<p><strong>Liability<\/strong><br \/>\nThe Customer is solely responsible for the quality of the original material on which the order is based and its suitability for the service ordered. The Customer acknowledges that there will be a difference in color between what is displayed on screen and the printed version. Apart from what is stated in these Terms and, for Customers who are private individuals, in the Swedish Consumer Services Act, \u00c5tta.45 Tryckeri AB assumes no responsibility for errors, deficiencies, or delays.    \u00c5tta.45 Tryckeri AB is not liable for either direct or indirect damage. \u00c5tta.45 Tryckeri AB reserves the right for any errors in \u00c5tta.45\u2019s online store.<\/p>\n<p>&nbsp;<\/p>\n<p><strong>Changes to the Terms<\/strong><br \/>\nThe currently applicable Terms are available in \u00c5tta.45\u2019s online store. \u00c5tta.45 Tryckeri AB has the right to change the Terms at its own discretion. However, once the Customer has placed an order, \u00c5tta.45 Tryckeri AB is not entitled to change the conditions for that specific order.  <\/p>\n<p>&nbsp;<\/p>\n<p><strong>Personal Data Processing<\/strong><br \/>\n\u00c5tta.45 Tryckeri AB processes name, email, address, and other information provided by the Customer (as a private individual) during registration or ordering. In the case of invoice payments, the personal identity number is also processed.  \u00c5tta.45 Tryckeri AB also processes data related to such Customer\u2019s orders and purchases. The purpose of the processing is to fulfill the agreement with the Customer, to provide information, marketing, and personalized offers to the Customer via email or mail, as well as for statistical and business development purposes.<br \/>\nPersonal data is processed for as long as the Customer has a relationship with \u00c5tta.45 Tryckeri AB and for a period thereafter, during which the Customer may return with questions or similar matters regarding the order or delivery.  <\/p>\n<p>The Customer can notify \u00c5tta.45 Tryckeri AB that their personal data should not be used for marketing purposes. If the Customer wishes to end their relationship with \u00c5tta.45 Tryckeri AB immediately after purchase and delivery, \u00c5tta.45 will&#8230;    Tryckeri AB will gladly receive information about this. To request correction of incorrect personal data, please contact butiken@atta45.se. The Customer has the right, once per calendar year, to request in writing information regarding the personal data being processed. By accepting the Terms, the Customer who is a private individual gives their consent to \u00c5tta.45.   Tryckeri AB\u2019s processing of personal data as described above.<\/p>\n<p>&nbsp;<\/p>\n<p><strong>Cookies<\/strong><br \/>\nA cookie is a small text file that the visited website requests to store on the Customer&#8217;s computer. Cookies are used to give visitors access to various functions, and the information can also be used to track a visitor\u2019s browsing activity. There are different types of cookies. In \u00c5tta.45&#8217;s online store, cookies are used that the Customer must allow in order to use \u00c5tta.45&#8217;s online store. The Customer agrees to the cookie handling described below by visiting \u00c5tta.45&#8217;s online store.<br \/>In \u00c5tta.45&#8217;s online store, authentication cookies are used to keep track of which users are logged in, and session cookies that store a unique ID for the visit to \u00c5tta.45&#8217;s online store. Cookies in \u00c5tta.45&#8217;s online store are used to identify the Customer&#8217;s shopping cart, save information about the Customer in an order, gather visitor statistics for \u00c5tta.45&#8217;s online store, and display advertisements in \u00c5tta.45&#8217;s store and on other websites.<br \/>The authentication cookie disappears no later than two (2) hours after the browser is closed, unless the visitor has chosen to remain logged in. The session cookie disappears after inactivity or when the browser is closed.        <\/p>\n<p>&nbsp;<\/p>\n<p><strong>Dispute<\/strong><br \/>\nSwedish law applies to all services provided and sold by \u00c5tta.45 Tryckeri AB. Any disputes with a Customer who is a legal entity will be settled in a Swedish general court. Any disputes with a Customer who is a private individual will be referred by \u00c5tta.45 Tryckeri AB to the National Board for Consumer Disputes (ARN). \u00c5tta.45 Tryckeri AB follows ARN\u2019s recommendations.     <\/p>\n\t<\/div>\r\n<\/div>    \t<\/section>\r\n","protected":false},"excerpt":{"rendered":"","protected":false},"author":9,"featured_media":0,"parent":0,"menu_order":0,"comment_status":"closed","ping_status":"closed","template":"","meta":{"_acf_changed":false,"_seopress_robots_primary_cat":"","_seopress_titles_title":"Our Terms of Purchase \u2013 \u00c5tta.45 Online Store ","_seopress_titles_desc":"General Terms of Purchase in Our Online Store","_seopress_robots_index":"","footnotes":""},"class_list":["post-377801","page","type-page","status-publish","hentry"],"acf":[],"_links":{"self":[{"href":"https:\/\/www.atta45.se\/e-butik\/en\/wp-json\/wp\/v2\/pages\/377801","targetHints":{"allow":["GET"]}}],"collection":[{"href":"https:\/\/www.atta45.se\/e-butik\/en\/wp-json\/wp\/v2\/pages"}],"about":[{"href":"https:\/\/www.atta45.se\/e-butik\/en\/wp-json\/wp\/v2\/types\/page"}],"author":[{"embeddable":true,"href":"https:\/\/www.atta45.se\/e-butik\/en\/wp-json\/wp\/v2\/users\/9"}],"replies":[{"embeddable":true,"href":"https:\/\/www.atta45.se\/e-butik\/en\/wp-json\/wp\/v2\/comments?post=377801"}],"version-history":[{"count":1,"href":"https:\/\/www.atta45.se\/e-butik\/en\/wp-json\/wp\/v2\/pages\/377801\/revisions"}],"predecessor-version":[{"id":377802,"href":"https:\/\/www.atta45.se\/e-butik\/en\/wp-json\/wp\/v2\/pages\/377801\/revisions\/377802"}],"wp:attachment":[{"href":"https:\/\/www.atta45.se\/e-butik\/en\/wp-json\/wp\/v2\/media?parent=377801"}],"curies":[{"name":"wp","href":"https:\/\/api.w.org\/{rel}","templated":true}]}}