{"id":377789,"date":"2019-12-16T16:33:22","date_gmt":"2019-12-16T15:33:22","guid":{"rendered":"https:\/\/www.atta45.se\/e-butik\/processing-of-personal-data\/"},"modified":"2025-05-25T19:34:20","modified_gmt":"2025-05-25T17:34:20","slug":"processing-of-personal-data","status":"publish","type":"page","link":"https:\/\/www.atta45.se\/e-butik\/en\/processing-of-personal-data\/","title":{"rendered":"Processing of personal data"},"content":{"rendered":"\t<section class=\"block hero default\" style=\"background-image: url(https:\/\/www.atta45.se\/e-butik\/wp-content\/uploads\/sites\/1\/2024\/12\/Blue_TopBanner_2024_A-scaled.jpg);\">\r\n\t\t<div class=\"hero-overlay\" style=\"background-color: \"><\/div>\r\n\t\t<div class=\"hero--inner editor_content white \" style=\"color: \">\r\n\t\t\t<h1 style=\"text-align: center\">Processing of personal data<\/h1>\n\t\t<\/div>\r\n\t<\/section>\r\n<section class=\"content-block block container-fluid bg--white\">\r\n\t    \t\t<div class=\"row justify-content-center content-block--row\">\r\n\t<div class=\"col-lg-8 col-md-10 col-12 editor_content\">\r\n\t\t<h5 style=\"text-align: left\">As a private individual, by accepting the Terms, you give your consent to \u00c5tta.45. Tryckeri AB\u2019s processing of personal data.<\/h5>\n<p>&nbsp;<\/p>\n<p>At \u00c5tta.45&#8217;s online store, \u00c5tta.45 processes&#8230; Tryckeri AB (\u00c5tta.45) processes your name, email, address, and other information you as a private individual have provided during registration or ordering, including your personal identity number where applicable. \u00c5tta.45 Tryckeri AB also processes information about your order and purchase. The purpose of the processing is to fulfill the agreement with you, to provide information, marketing, and personalized offers via, for example, email or mail, as well as for statistics and business development.<\/p>\n<p>The personal data is processed for as long as you have a relationship with \u00c5tta.45. Tryckeri AB, as well as for a period thereafter, in case you return with questions or similar matters regarding your order or delivery.<\/p>\n<p>You can notify \u00c5tta.45 Tryckeri AB that your personal data should not be used for marketing purposes. If you wish to end your relationship with \u00c5tta.45 immediately after purchase and delivery, \u00c5tta.45 will&#8230; Tryckeri AB will gladly receive information about this. For correction of incorrect personal data, please refer to <a href=\"mailto:ebutiken.support@atta45.se\">ebutiken.support@atta45.se<\/a><\/p>\n<p>You have the right, once per calendar year, to request in writing information about the personal data being processed.<\/p>\n<p>As a private individual, by accepting the Terms, you give your consent to \u00c5tta.45. Tryckeri AB\u2019s processing of personal data as described above.<\/p>\n\t<\/div>\r\n<\/div>    \t<\/section>\r\n","protected":false},"excerpt":{"rendered":"","protected":false},"author":9,"featured_media":0,"parent":0,"menu_order":0,"comment_status":"closed","ping_status":"closed","template":"","meta":{"_acf_changed":false,"_seopress_robots_primary_cat":"","_seopress_titles_title":"","_seopress_titles_desc":"","_seopress_robots_index":"","footnotes":""},"class_list":["post-377789","page","type-page","status-publish","hentry"],"acf":[],"_links":{"self":[{"href":"https:\/\/www.atta45.se\/e-butik\/en\/wp-json\/wp\/v2\/pages\/377789","targetHints":{"allow":["GET"]}}],"collection":[{"href":"https:\/\/www.atta45.se\/e-butik\/en\/wp-json\/wp\/v2\/pages"}],"about":[{"href":"https:\/\/www.atta45.se\/e-butik\/en\/wp-json\/wp\/v2\/types\/page"}],"author":[{"embeddable":true,"href":"https:\/\/www.atta45.se\/e-butik\/en\/wp-json\/wp\/v2\/users\/9"}],"replies":[{"embeddable":true,"href":"https:\/\/www.atta45.se\/e-butik\/en\/wp-json\/wp\/v2\/comments?post=377789"}],"version-history":[{"count":1,"href":"https:\/\/www.atta45.se\/e-butik\/en\/wp-json\/wp\/v2\/pages\/377789\/revisions"}],"predecessor-version":[{"id":377790,"href":"https:\/\/www.atta45.se\/e-butik\/en\/wp-json\/wp\/v2\/pages\/377789\/revisions\/377790"}],"wp:attachment":[{"href":"https:\/\/www.atta45.se\/e-butik\/en\/wp-json\/wp\/v2\/media?parent=377789"}],"curies":[{"name":"wp","href":"https:\/\/api.w.org\/{rel}","templated":true}]}}